{"id":4348,"date":"2015-02-20T01:41:31","date_gmt":"2015-02-20T01:41:31","guid":{"rendered":"https:\/\/adimkoza.com.tr\/blog\/"},"modified":"2026-03-02T04:41:09","modified_gmt":"2026-03-02T04:41:09","slug":"blog","status":"publish","type":"page","link":"https:\/\/adimkoza.com.tr\/ru\/blog\/","title":{"rendered":"\u0411\u041b\u041e\u0413"},"content":{"rendered":"<p>[vc_row rt_row_background_width=&#187;fullwidth&#187; rt_row_content_width=&#187;default&#187; rt_row_style=&#187;default-style&#187; rt_row_borders=&#187;&#187; rt_row_paddings=&#187;true&#187; rt_bg_effect=&#187;classic&#187; rt_bg_image_repeat=&#187;repeat&#187; rt_bg_size=&#187;cover&#187; rt_bg_position=&#187;right top&#187; rt_bg_attachment=&#187;scroll&#187; rt_bg_video_format=&#187;self-hosted&#187;][vc_column rt_wrp_col_paddings=&#187;false&#187; rt_border_top=&#187;&#187; rt_border_bottom=&#187;&#187; rt_border_left=&#187;&#187; rt_border_right=&#187;&#187; rt_border_top_mobile=&#187;&#187; rt_border_bottom_mobile=&#187;&#187; rt_border_left_mobile=&#187;&#187; rt_border_right_mobile=&#187;&#187; rt_bg_image_repeat=&#187;repeat&#187; rt_bg_size=&#187;auto auto&#187; rt_bg_position=&#187;right top&#187; rt_bg_attachment=&#187;scroll&#187;]\n<div id=\"blog-dynamicID-442338\" class=\"blog_list clearfix border_grid fixed_heights\" data-column-width=\"3\">\n<div class=\"row clearfix\">\n<div class=\"col col-sm-4\">\n \n\n<!-- blog box-->\n<article class=\"loop post-5408 post type-post status-publish format-standard has-post-thumbnail hentry category-news-ru\" id=\"post-5408\">\n\t\t\n\t\n\t\n\t<figure class=\"featured_image featured_media\">\n\n\t\t\n\t\t\t\t<a href=\"https:\/\/adimkoza.com.tr\/ru\/hydraulic-pneumatic-press-solutions\/\" title=\"\u0413\u0438\u0434\u0440\u0430\u0432\u043b\u0438\u0447\u0435\u0441\u043a\u0438\u0435 \u0438 \u043f\u043d\u0435\u0432\u043c\u0430\u0442\u0438\u0447\u0435\u0441\u043a\u0438\u0435 \u043f\u0440\u0435\u0441\u0441\u043e\u0432\u044b\u0435 \u0440\u0435\u0448\u0435\u043d\u0438\u044f\" class=\"featured_image imgeffect link\"><img decoding=\"async\" src=\"https:\/\/adimkoza.com.tr\/wp-content\/uploads\/2026\/02\/41.webp\" alt=\"Hidrolik Pn\u00f6matik Presler\" class=\"\" \/><\/a>\n\n\t\t\t\n\t<\/figure> \n\t\n\n\t \n\t<div class=\"text entry-content\">\n\n\t\t<!-- blog headline-->\n\t\t<h2 class=\"entry-title\"><a href=\"https:\/\/adimkoza.com.tr\/ru\/hydraulic-pneumatic-press-solutions\/\" rel=\"bookmark\">\u0413\u0438\u0434\u0440\u0430\u0432\u043b\u0438\u0447\u0435\u0441\u043a\u0438\u0435 \u0438 \u043f\u043d\u0435\u0432\u043c\u0430\u0442\u0438\u0447\u0435\u0441\u043a\u0438\u0435 \u043f\u0440\u0435\u0441\u0441\u043e\u0432\u044b\u0435 \u0440\u0435\u0448\u0435\u043d\u0438\u044f<\/a><\/h2> \n\t\t\t\n\n\t\t<p>\u0420\u0430\u0437\u0440\u0430\u0431\u043e\u0442\u0430\u043d\u044b \u0441 \u0438\u043d\u0436\u0435\u043d\u0435\u0440\u043d\u044b\u043c \u043f\u043e\u0434\u0445\u043e\u0434\u043e\u043c \u0441 \u0446\u0435\u043b\u044c\u044e \u043e\u0431\u0435\u0441\u043f\u0435\u0447\u0435\u043d\u0438\u044f \u043d\u0430\u0434\u0435\u0436\u043d\u043e\u0441\u0442\u0438, \u0432\u044b\u0441\u043e\u043a\u043e\u0439 \u0442\u043e\u0447\u043d\u043e\u0441\u0442\u0438 \u0438 \u0434\u043e\u043b\u0433\u043e\u0432\u0435\u0447\u043d\u043e\u0439 \u044d\u043a\u0441\u043f\u043b\u0443\u0430\u0442\u0430\u0446\u0438\u0438.<\/p>\n\n\t\t\t\t<!-- meta data -->\r\n\t\t<div class=\"post_data\">\r\n\r\n\t\t\t\r\n\t\t\t\t\t\t<!-- categories -->\r\n\t\t\t<span class=\"icon-flow-cascade categories\"><a href=\"https:\/\/adimkoza.com.tr\/ru\/category\/news-ru\/\" rel=\"category tag\">\u041d\u043e\u0432\u043e\u0441\u0442\u0438 \u043a\u043e\u043c\u043f\u0430\u043d\u0438\u0438<\/a><\/span>\r\n\t\t\t\r\n\t\t\t\r\n\t\t\t\r\n\t\t<\/div><!-- \/ end div  .post_data -->\r\n\t\n\t<\/div> \n\n<\/article> \n<!-- \/ blog box-->\n<\/div>\n<div class=\"col col-sm-4\">\n \n\n<!-- blog box-->\n<article class=\"loop post-5412 post type-post status-publish format-standard has-post-thumbnail hentry category-news-ru\" id=\"post-5412\">\n\t\t\n\t\n\t\n\t<figure class=\"featured_image featured_media\">\n\n\t\t\n\t\t\t\t<a href=\"https:\/\/adimkoza.com.tr\/ru\/high-performance-hydraulic-power-units-hpu-power-packs-for-industrial-applications\/\" title=\"\u0412\u044b\u0441\u043e\u043a\u043e\u043f\u0440\u043e\u0438\u0437\u0432\u043e\u0434\u0438\u0442\u0435\u043b\u044c\u043d\u044b\u0435 \u0433\u0438\u0434\u0440\u0430\u0432\u043b\u0438\u0447\u0435\u0441\u043a\u0438\u0435 \u0441\u0438\u043b\u043e\u0432\u044b\u0435 \u0443\u0441\u0442\u0430\u043d\u043e\u0432\u043a\u0438 \u0434\u043b\u044f \u043f\u0440\u043e\u043c\u044b\u0448\u043b\u0435\u043d\u043d\u043e\u0433\u043e \u043f\u0440\u0438\u043c\u0435\u043d\u0435\u043d\u0438\u044f\" class=\"featured_image imgeffect link\"><img decoding=\"async\" src=\"https:\/\/adimkoza.com.tr\/wp-content\/uploads\/2026\/02\/hydraulic-power-packs.webp\" alt=\"hydraulic-power-packs\" class=\"\" \/><\/a>\n\n\t\t\t\n\t<\/figure> \n\t\n\n\t \n\t<div class=\"text entry-content\">\n\n\t\t<!-- blog headline-->\n\t\t<h2 class=\"entry-title\"><a href=\"https:\/\/adimkoza.com.tr\/ru\/high-performance-hydraulic-power-units-hpu-power-packs-for-industrial-applications\/\" rel=\"bookmark\">\u0412\u044b\u0441\u043e\u043a\u043e\u043f\u0440\u043e\u0438\u0437\u0432\u043e\u0434\u0438\u0442\u0435\u043b\u044c\u043d\u044b\u0435 \u0433\u0438\u0434\u0440\u0430\u0432\u043b\u0438\u0447\u0435\u0441\u043a\u0438\u0435 \u0441\u0438\u043b\u043e\u0432\u044b\u0435 \u0443\u0441\u0442\u0430\u043d\u043e\u0432\u043a\u0438 \u0434\u043b\u044f \u043f\u0440\u043e\u043c\u044b\u0448\u043b\u0435\u043d\u043d\u043e\u0433\u043e \u043f\u0440\u0438\u043c\u0435\u043d\u0435\u043d\u0438\u044f<\/a><\/h2> \n\t\t\t\n\n\t\t<p>\u041f\u0440\u043e\u043c\u044b\u0448\u043b\u0435\u043d\u043d\u043e\u0435 \u043e\u0431\u043e\u0440\u0443\u0434\u043e\u0432\u0430\u043d\u0438\u0435 \u0442\u0440\u0435\u0431\u0443\u0435\u0442 \u043c\u0430\u043a\u0441\u0438\u043c\u0430\u043b\u044c\u043d\u043e\u0439 \u043f\u0440\u043e\u0438\u0437\u0432\u043e\u0434\u0438\u0442\u0435\u043b\u044c\u043d\u043e\u0441\u0442\u0438 \u0432 \u0443\u0441\u043b\u043e\u0432\u0438\u044f\u0445 \u043d\u0435\u043f\u0440\u0435\u0440\u044b\u0432\u043d\u043e\u0439 \u0440\u0430\u0431\u043e\u0442\u044b, \u0432\u044b\u0441\u043e\u043a\u043e\u0433\u043e \u0434\u0430\u0432\u043b\u0435\u043d\u0438\u044f, \u043f\u0435\u0440\u0435\u043c\u0435\u043d\u043d\u044b\u0445 \u043d\u0430\u0433\u0440\u0443\u0437\u043e\u043a \u0438 \u0441\u043b\u043e\u0436\u043d\u044b\u0445 \u0443\u0441\u043b\u043e\u0432\u0438\u0439 \u044d\u043a\u0441\u043f\u043b\u0443\u0430\u0442\u0430\u0446\u0438\u0438.<\/p>\n\n\t\t\t\t<!-- meta data -->\r\n\t\t<div class=\"post_data\">\r\n\r\n\t\t\t\r\n\t\t\t\t\t\t<!-- categories -->\r\n\t\t\t<span class=\"icon-flow-cascade categories\"><a href=\"https:\/\/adimkoza.com.tr\/ru\/category\/news-ru\/\" rel=\"category tag\">\u041d\u043e\u0432\u043e\u0441\u0442\u0438 \u043a\u043e\u043c\u043f\u0430\u043d\u0438\u0438<\/a><\/span>\r\n\t\t\t\r\n\t\t\t\r\n\t\t\t\r\n\t\t<\/div><!-- \/ end div  .post_data -->\r\n\t\n\t<\/div> \n\n<\/article> \n<!-- \/ blog box-->\n<\/div>\n<div class=\"col col-sm-4\">\n \n\n<!-- blog box-->\n<article class=\"loop post-5418 post type-post status-publish format-standard has-post-thumbnail hentry category-news-ru\" id=\"post-5418\">\n\t\t\n\t\n\t\n\t<figure class=\"featured_image featured_media\">\n\n\t\t\n\t\t\t\t<a href=\"https:\/\/adimkoza.com.tr\/ru\/high-precision-servo-valve-solutions-for-advanced-hydraulic-systems\/\" title=\"\u0412\u044b\u0441\u043e\u043a\u043e\u0442\u043e\u0447\u043d\u044b\u0435 \u0441\u0435\u0440\u0432\u043e\u043a\u043b\u0430\u043f\u0430\u043d\u043d\u044b\u0435 \u0440\u0435\u0448\u0435\u043d\u0438\u044f \u0434\u043b\u044f \u043f\u0435\u0440\u0435\u0434\u043e\u0432\u044b\u0445 \u0433\u0438\u0434\u0440\u0430\u0432\u043b\u0438\u0447\u0435\u0441\u043a\u0438\u0445 \u0441\u0438\u0441\u0442\u0435\u043c\" class=\"featured_image imgeffect link\"><img decoding=\"async\" src=\"https:\/\/adimkoza.com.tr\/wp-content\/uploads\/2026\/02\/3.jpeg\" alt=\"\u0130leri Hidrolik Sistemler i\u00e7in Y\u00fcksek Hassasiyetli Servo Valf \u00c7\u00f6z\u00fcmleri\" class=\"\" \/><\/a>\n\n\t\t\t\n\t<\/figure> \n\t\n\n\t \n\t<div class=\"text entry-content\">\n\n\t\t<!-- blog headline-->\n\t\t<h2 class=\"entry-title\"><a href=\"https:\/\/adimkoza.com.tr\/ru\/high-precision-servo-valve-solutions-for-advanced-hydraulic-systems\/\" rel=\"bookmark\">\u0412\u044b\u0441\u043e\u043a\u043e\u0442\u043e\u0447\u043d\u044b\u0435 \u0441\u0435\u0440\u0432\u043e\u043a\u043b\u0430\u043f\u0430\u043d\u043d\u044b\u0435 \u0440\u0435\u0448\u0435\u043d\u0438\u044f \u0434\u043b\u044f \u043f\u0435\u0440\u0435\u0434\u043e\u0432\u044b\u0445 \u0433\u0438\u0434\u0440\u0430\u0432\u043b\u0438\u0447\u0435\u0441\u043a\u0438\u0445 \u0441\u0438\u0441\u0442\u0435\u043c<\/a><\/h2> \n\t\t\t\n\n\t\t<p>\u0421\u043e\u0432\u0440\u0435\u043c\u0435\u043d\u043d\u044b\u0435 \u043f\u0440\u043e\u043c\u044b\u0448\u043b\u0435\u043d\u043d\u044b\u0435 \u0441\u0438\u0441\u0442\u0435\u043c\u044b \u0442\u0440\u0435\u0431\u0443\u044e\u0442 \u0432\u044b\u0441\u043e\u043a\u043e\u0439 \u0441\u043a\u043e\u0440\u043e\u0441\u0442\u0438, \u0442\u043e\u0447\u043d\u043e\u0441\u0442\u0438 \u0438 \u0430\u0431\u0441\u043e\u043b\u044e\u0442\u043d\u043e\u0433\u043e \u043a\u043e\u043d\u0442\u0440\u043e\u043b\u044f \u0434\u0430\u0436\u0435 \u0432 \u044d\u043a\u0441\u0442\u0440\u0435\u043c\u0430\u043b\u044c\u043d\u044b\u0445 \u0443\u0441\u043b\u043e\u0432\u0438\u044f\u0445 \u044d\u043a\u0441\u043f\u043b\u0443\u0430\u0442\u0430\u0446\u0438\u0438.<\/p>\n\n\t\t\t\t<!-- meta data -->\r\n\t\t<div class=\"post_data\">\r\n\r\n\t\t\t\r\n\t\t\t\t\t\t<!-- categories -->\r\n\t\t\t<span class=\"icon-flow-cascade categories\"><a href=\"https:\/\/adimkoza.com.tr\/ru\/category\/news-ru\/\" rel=\"category tag\">\u041d\u043e\u0432\u043e\u0441\u0442\u0438 \u043a\u043e\u043c\u043f\u0430\u043d\u0438\u0438<\/a><\/span>\r\n\t\t\t\r\n\t\t\t\r\n\t\t\t\r\n\t\t<\/div><!-- \/ end div  .post_data -->\r\n\t\n\t<\/div> \n\n<\/article> \n<!-- \/ blog box-->\n<\/div>\n<\/div>\n<div class=\"row clearfix\">\n<div class=\"col col-sm-4\">\n \n\n<!-- blog box-->\n<article class=\"loop post-5423 post type-post status-publish format-standard has-post-thumbnail hentry category-news-ru\" id=\"post-5423\">\n\t\t\n\t\n\t\n\t<figure class=\"featured_image featured_media\">\n\n\t\t\n\t\t\t\t<a href=\"https:\/\/adimkoza.com.tr\/ru\/high-performance-hydraulic-manifolds-for-drilling-applications\/\" title=\"\u0412\u044b\u0441\u043e\u043a\u043e\u043f\u0440\u043e\u0438\u0437\u0432\u043e\u0434\u0438\u0442\u0435\u043b\u044c\u043d\u044b\u0435 \u0433\u0438\u0434\u0440\u0430\u0432\u043b\u0438\u0447\u0435\u0441\u043a\u0438\u0435 \u043a\u043e\u043b\u043b\u0435\u043a\u0442\u043e\u0440\u044b \u0434\u043b\u044f \u0431\u0443\u0440\u043e\u0432\u044b\u0445 \u0443\u0441\u0442\u0430\u043d\u043e\u0432\u043e\u043a\" class=\"featured_image imgeffect link\"><img decoding=\"async\" src=\"https:\/\/adimkoza.com.tr\/wp-content\/uploads\/2026\/02\/1.jpeg\" alt=\"Sondaj Uygulamalar\u0131 i\u00e7in Y\u00fcksek Performansl\u0131 Hidrolik Manifoldlar\" class=\"\" \/><\/a>\n\n\t\t\t\n\t<\/figure> \n\t\n\n\t \n\t<div class=\"text entry-content\">\n\n\t\t<!-- blog headline-->\n\t\t<h2 class=\"entry-title\"><a href=\"https:\/\/adimkoza.com.tr\/ru\/high-performance-hydraulic-manifolds-for-drilling-applications\/\" rel=\"bookmark\">\u0412\u044b\u0441\u043e\u043a\u043e\u043f\u0440\u043e\u0438\u0437\u0432\u043e\u0434\u0438\u0442\u0435\u043b\u044c\u043d\u044b\u0435 \u0433\u0438\u0434\u0440\u0430\u0432\u043b\u0438\u0447\u0435\u0441\u043a\u0438\u0435 \u043a\u043e\u043b\u043b\u0435\u043a\u0442\u043e\u0440\u044b \u0434\u043b\u044f \u0431\u0443\u0440\u043e\u0432\u044b\u0445 \u0443\u0441\u0442\u0430\u043d\u043e\u0432\u043e\u043a<\/a><\/h2> \n\t\t\t\n\n\t\t<p>\u0411\u0443\u0440\u043e\u0432\u044b\u0435 \u0443\u0441\u0442\u0430\u043d\u043e\u0432\u043a\u0438 \u0440\u0430\u0431\u043e\u0442\u0430\u044e\u0442 \u0432 \u0442\u044f\u0436\u0435\u043b\u044b\u0445 \u0443\u0441\u043b\u043e\u0432\u0438\u044f\u0445 \u2014 \u043f\u0440\u0438 \u044d\u043a\u0441\u0442\u0440\u0435\u043c\u0430\u043b\u044c\u043d\u043e\u0439 \u0432\u0438\u0431\u0440\u0430\u0446\u0438\u0438, \u0432\u044b\u0441\u043e\u043a\u0438\u0445 \u0442\u0435\u043c\u043f\u0435\u0440\u0430\u0442\u0443\u0440\u0430\u0445, \u0437\u0430\u043f\u044b\u043b\u0435\u043d\u043d\u043e\u0441\u0442\u0438 \u0438 \u0446\u0438\u043a\u043b\u0430\u0445 \u0432\u044b\u0441\u043e\u043a\u043e\u0433\u043e \u0434\u0430\u0432\u043b\u0435\u043d\u0438\u044f.<\/p>\n\n\t\t\t\t<!-- meta data -->\r\n\t\t<div class=\"post_data\">\r\n\r\n\t\t\t\r\n\t\t\t\t\t\t<!-- categories -->\r\n\t\t\t<span class=\"icon-flow-cascade categories\"><a href=\"https:\/\/adimkoza.com.tr\/ru\/category\/news-ru\/\" rel=\"category tag\">\u041d\u043e\u0432\u043e\u0441\u0442\u0438 \u043a\u043e\u043c\u043f\u0430\u043d\u0438\u0438<\/a><\/span>\r\n\t\t\t\r\n\t\t\t\r\n\t\t\t\r\n\t\t<\/div><!-- \/ end div  .post_data -->\r\n\t\n\t<\/div> \n\n<\/article> \n<!-- \/ blog box-->\n<\/div>\n<div class=\"col col-sm-4\">\n \n\n<!-- blog box-->\n<article class=\"loop post-5531 post type-post status-publish format-standard has-post-thumbnail hentry category-news-ru\" id=\"post-5531\">\n\t\t\n\t\n\t\n\t<figure class=\"featured_image featured_media\">\n\n\t\t\n\t\t\t\t<a href=\"https:\/\/adimkoza.com.tr\/ru\/wika-introduced-their-new-pressure-switch\/\" title=\"WIKA \u043f\u0440\u0435\u0434\u0441\u0442\u0430\u0432\u0438\u043b\u0430 \u043d\u043e\u0432\u044b\u0439 \u0440\u0435\u043b\u0435 \u0434\u0430\u0432\u043b\u0435\u043d\u0438\u044f\" class=\"featured_image imgeffect link\"><img decoding=\"async\" src=\"https:\/\/adimkoza.com.tr\/wp-content\/uploads\/2018\/11\/PIC_PR_PSM_520_de_de_89623.jpg-700x534.webp\" alt=\"PIC_PR_PSM_520_de_de_89623.jpg\" class=\"\" \/><\/a>\n\n\t\t\t\n\t<\/figure> \n\t\n\n\t \n\t<div class=\"text entry-content\">\n\n\t\t<!-- blog headline-->\n\t\t<h2 class=\"entry-title\"><a href=\"https:\/\/adimkoza.com.tr\/ru\/wika-introduced-their-new-pressure-switch\/\" rel=\"bookmark\">WIKA \u043f\u0440\u0435\u0434\u0441\u0442\u0430\u0432\u0438\u043b\u0430 \u043d\u043e\u0432\u044b\u0439 \u0440\u0435\u043b\u0435 \u0434\u0430\u0432\u043b\u0435\u043d\u0438\u044f<\/a><\/h2> \n\t\t\t\n\n\t\t<p>WIKA, \u043e\u0434\u043d\u0430 \u0438\u0437 \u0432\u0435\u0434\u0443\u0449\u0438\u0445 \u0438 \u043f\u0438\u043e\u043d\u0435\u0440\u0441\u043a\u0438\u0445 \u043a\u043e\u043c\u043f\u0430\u043d\u0438\u0439 \u0432 \u0441\u0444\u0435\u0440\u0435 \u0438\u0437\u043c\u0435\u0440\u0438\u0442\u0435\u043b\u044c\u043d\u044b\u0445 \u043f\u0440\u0438\u0431\u043e\u0440\u043e\u0432, \u0440\u0430\u0441\u0448\u0438\u0440\u044f\u0435\u0442 \u0430\u0441\u0441\u043e\u0440\u0442\u0438\u043c\u0435\u043d\u0442 \u0441\u0432\u043e\u0435\u0439 \u043f\u0440\u043e\u0434\u0443\u043a\u0446\u0438\u0438. \u041f\u0440\u043e\u0434\u0443\u043a\u0446\u0438\u044e WIKA \u0442\u0430\u043a\u0436\u0435 \u043c\u043e\u0436\u043d\u043e \u043f\u0440\u0438\u043e\u0431\u0440\u0435\u0441\u0442\u0438 \u0447\u0435\u0440\u0435\u0437 Ad\u0131mKoza. \u0412 \u043a\u043e\u043c\u043f\u0430\u043d\u0438\u0438 \u0440\u0430\u0431\u043e\u0442\u0430\u0435\u0442 \u043e\u043a\u043e\u043b\u043e 9 000 \u0441\u043e\u0442\u0440\u0443\u0434\u043d\u0438\u043a\u043e\u0432, \u043a\u043e\u0442\u043e\u0440\u044b\u0435 \u0440\u0430\u0437\u0440\u0430\u0431\u0430\u0442\u044b\u0432\u0430\u044e\u0442 \u043f\u0440\u0438\u0431\u043e\u0440\u044b \u0434\u043b\u044f \u0438\u0437\u043c\u0435\u0440\u0435\u043d\u0438\u044f \u0434\u0430\u0432\u043b\u0435\u043d\u0438\u044f, \u0442\u0435\u043c\u043f\u0435\u0440\u0430\u0442\u0443\u0440\u044b \u0438 \u0443\u0440\u043e\u0432\u043d\u044f. \u0410\u0441\u0441\u043e\u0440\u0442\u0438\u043c\u0435\u043d\u0442 WIKA \u0432\u043a\u043b\u044e\u0447\u0430\u0435\u0442 \u043c\u043d\u043e\u0436\u0435\u0441\u0442\u0432\u043e \u0443\u0441\u0442\u0440\u043e\u0439\u0441\u0442\u0432, \u0442\u0430\u043a\u0438\u0445 \u043a\u0430\u043a: \u043c\u0430\u043d\u043e\u043c\u0435\u0442\u0440\u044b (\u043f\u0440\u0438\u0431\u043e\u0440\u044b \u0434\u043b\u044f \u0438\u0437\u043c\u0435\u0440\u0435\u043d\u0438\u044f \u0434\u0430\u0432\u043b\u0435\u043d\u0438\u044f), \u0434\u0430\u0442\u0447\u0438\u043a\u0438 \u0434\u0430\u0432\u043b\u0435\u043d\u0438\u044f, \u0440\u0435\u043b\u0435 \u0434\u0430\u0432\u043b\u0435\u043d\u0438\u044f, \u043f\u0440\u0435\u043e\u0431\u0440\u0430\u0437\u043e\u0432\u0430\u0442\u0435\u043b\u0438 [&hellip;]<\/p>\n\n\t\t\t\t<!-- meta data -->\r\n\t\t<div class=\"post_data\">\r\n\r\n\t\t\t\r\n\t\t\t\t\t\t<!-- categories -->\r\n\t\t\t<span class=\"icon-flow-cascade categories\"><a href=\"https:\/\/adimkoza.com.tr\/ru\/category\/news-ru\/\" rel=\"category tag\">\u041d\u043e\u0432\u043e\u0441\u0442\u0438 \u043a\u043e\u043c\u043f\u0430\u043d\u0438\u0438<\/a><\/span>\r\n\t\t\t\r\n\t\t\t\r\n\t\t\t\r\n\t\t<\/div><!-- \/ end div  .post_data -->\r\n\t\n\t<\/div> \n\n<\/article> \n<!-- \/ blog box-->\n<\/div>\n<div class=\"col col-sm-4\">\n \n\n<!-- blog box-->\n<article class=\"loop post-5511 post type-post status-publish format-standard has-post-thumbnail hentry category-news-ru\" id=\"post-5511\">\n\t\t\n\t\n\t\n\t<figure class=\"featured_image featured_media\">\n\n\t\t\n\t\t\t\t<a href=\"https:\/\/adimkoza.com.tr\/ru\/industry-4-0-at-a-glance\/\" title=\"\u0418\u043d\u0434\u0443\u0441\u0442\u0440\u0438\u044f 4.0: \u043a\u0440\u0430\u0442\u043a\u0438\u0439 \u043e\u0431\u0437\u043e\u0440\" class=\"featured_image imgeffect link\"><img decoding=\"async\" src=\"https:\/\/adimkoza.com.tr\/wp-content\/uploads\/2026\/03\/endustri-4-0.jpg\" alt=\"endustri-4-0\" class=\"\" \/><\/a>\n\n\t\t\t\n\t<\/figure> \n\t\n\n\t \n\t<div class=\"text entry-content\">\n\n\t\t<!-- blog headline-->\n\t\t<h2 class=\"entry-title\"><a href=\"https:\/\/adimkoza.com.tr\/ru\/industry-4-0-at-a-glance\/\" rel=\"bookmark\">\u0418\u043d\u0434\u0443\u0441\u0442\u0440\u0438\u044f 4.0: \u043a\u0440\u0430\u0442\u043a\u0438\u0439 \u043e\u0431\u0437\u043e\u0440<\/a><\/h2> \n\t\t\t\n\n\t\t<p>\u041c\u044b \u0445\u043e\u0442\u0438\u043c \u043a\u0440\u0430\u0442\u043a\u043e \u043f\u0440\u043e\u0438\u043d\u0444\u043e\u0440\u043c\u0438\u0440\u043e\u0432\u0430\u0442\u044c \u0432\u0430\u0441 \u043e\u0431 \u0418\u043d\u0434\u0443\u0441\u0442\u0440\u0438\u0438 4.0, \u043a\u043e\u0442\u043e\u0440\u0430\u044f \u0432 \u043f\u043e\u0441\u043b\u0435\u0434\u043d\u0435\u0435 \u0432\u0440\u0435\u043c\u044f \u0430\u043a\u0442\u0438\u0432\u043d\u043e \u043e\u0431\u0441\u0443\u0436\u0434\u0430\u0435\u0442\u0441\u044f \u0432\u043e \u0432\u0441\u0451\u043c \u043c\u0438\u0440\u0435 \u0438 \u0432 \u0422\u0443\u0440\u0446\u0438\u0438. \u0418\u043d\u0434\u0443\u0441\u0442\u0440\u0438\u0430\u043b\u0438\u0437\u0430\u0446\u0438\u044f \u043d\u0430\u0447\u0430\u043b\u0430\u0441\u044c \u0441 \u0438\u0441\u043f\u043e\u043b\u044c\u0437\u043e\u0432\u0430\u043d\u0438\u044f \u043f\u0430\u0440\u0430, \u0438 \u044d\u0442\u043e\u0442 \u044d\u0442\u0430\u043f \u0441\u0447\u0438\u0442\u0430\u0435\u0442\u0441\u044f \u0418\u043d\u0434\u0443\u0441\u0442\u0440\u0438\u0435\u0439 1.0. \u041f\u0440\u0438\u043c\u0435\u043d\u0435\u043d\u0438\u0435 \u044d\u043b\u0435\u043a\u0442\u0440\u0438\u0447\u0435\u0441\u0442\u0432\u0430 \u043d\u0430 \u043a\u043e\u043d\u0432\u0435\u0439\u0435\u0440\u043d\u044b\u0445 \u043b\u0438\u043d\u0438\u044f\u0445 \u0437\u0430\u043f\u0443\u0441\u0442\u0438\u043b\u043e \u043c\u0430\u0441\u0441\u043e\u0432\u043e\u0435 \u043f\u0440\u043e\u0438\u0437\u0432\u043e\u0434\u0441\u0442\u0432\u043e \u2014 \u0442\u0430\u043a \u043d\u0430\u0447\u0430\u043b\u0430\u0441\u044c \u044d\u043f\u043e\u0445\u0430 \u0418\u043d\u0434\u0443\u0441\u0442\u0440\u0438\u0438 2.0. \u0418\u043d\u0434\u0443\u0441\u0442\u0440\u0438\u044f 3.0 \u0432\u043e\u0437\u043d\u0438\u043a\u043b\u0430 \u0441 \u043f\u043e\u044f\u0432\u043b\u0435\u043d\u0438\u0435\u043c \u043f\u0435\u0440\u0441\u043e\u043d\u0430\u043b\u044c\u043d\u044b\u0445 \u043a\u043e\u043c\u043f\u044c\u044e\u0442\u0435\u0440\u043e\u0432 \u2014 \u044d\u0442\u043e \u043e\u0437\u043d\u0430\u0447\u0430\u0435\u0442, [&hellip;]<\/p>\n\n\t\t\t\t<!-- meta data -->\r\n\t\t<div class=\"post_data\">\r\n\r\n\t\t\t\r\n\t\t\t\t\t\t<!-- categories -->\r\n\t\t\t<span class=\"icon-flow-cascade categories\"><a href=\"https:\/\/adimkoza.com.tr\/ru\/category\/news-ru\/\" rel=\"category tag\">\u041d\u043e\u0432\u043e\u0441\u0442\u0438 \u043a\u043e\u043c\u043f\u0430\u043d\u0438\u0438<\/a><\/span>\r\n\t\t\t\r\n\t\t\t\r\n\t\t\t\r\n\t\t<\/div><!-- \/ end div  .post_data -->\r\n\t\n\t<\/div> \n\n<\/article> \n<!-- \/ blog box-->\n<\/div>\n<\/div>\n<div class=\"row clearfix\">\n<div class=\"col col-sm-4\">\n \n\n<!-- blog box-->\n<article class=\"loop post-5498 post type-post status-publish format-standard has-post-thumbnail hentry category-news-ru\" id=\"post-5498\">\n\t\t\n\t\n\t\n\t<figure class=\"featured_image featured_media\">\n\n\t\t\n\t\t\t\t<a href=\"https:\/\/adimkoza.com.tr\/ru\/hydraulic-systems-for-dummies\/\" title=\"\u0413\u0438\u0434\u0440\u0430\u0432\u043b\u0438\u0447\u0435\u0441\u043a\u0438\u0435 \u0441\u0438\u0441\u0442\u0435\u043c\u044b \u00ab\u0434\u043b\u044f \u0447\u0430\u0439\u043d\u0438\u043a\u043e\u0432\u00bb\" class=\"featured_image imgeffect link\"><img decoding=\"async\" src=\"https:\/\/adimkoza.com.tr\/wp-content\/uploads\/2026\/03\/hidrolik-sistemler-ostim-ankara-912x534.jpg\" alt=\"hidrolik-sistemler-ostim-ankara\" class=\"\" \/><\/a>\n\n\t\t\t\n\t<\/figure> \n\t\n\n\t \n\t<div class=\"text entry-content\">\n\n\t\t<!-- blog headline-->\n\t\t<h2 class=\"entry-title\"><a href=\"https:\/\/adimkoza.com.tr\/ru\/hydraulic-systems-for-dummies\/\" rel=\"bookmark\">\u0413\u0438\u0434\u0440\u0430\u0432\u043b\u0438\u0447\u0435\u0441\u043a\u0438\u0435 \u0441\u0438\u0441\u0442\u0435\u043c\u044b \u00ab\u0434\u043b\u044f \u0447\u0430\u0439\u043d\u0438\u043a\u043e\u0432\u00bb<\/a><\/h2> \n\t\t\t\n\n\t\t<p>\u041e\u0441\u0442\u0438\u043c \u2014 \u043f\u0440\u043e\u043c\u044b\u0448\u043b\u0435\u043d\u043d\u0430\u044f \u0437\u043e\u043d\u0430, \u0438\u043c\u0435\u044e\u0449\u0430\u044f \u0432\u0430\u0436\u043d\u043e\u0435 \u044d\u043a\u043e\u043d\u043e\u043c\u0438\u0447\u0435\u0441\u043a\u043e\u0435 \u0437\u043d\u0430\u0447\u0435\u043d\u0438\u0435 \u043d\u0435 \u0442\u043e\u043b\u044c\u043a\u043e \u0434\u043b\u044f \u0410\u043d\u043a\u0430\u0440\u044b, \u043d\u043e \u0438 \u0434\u043b\u044f \u0432\u0441\u0435\u0439 \u0422\u0443\u0440\u0446\u0438\u0438; \u0437\u0434\u0435\u0441\u044c \u0442\u0430\u043a\u0436\u0435 \u043f\u0440\u043e\u0438\u0437\u0432\u043e\u0434\u044f\u0442\u0441\u044f \u0433\u0438\u0434\u0440\u0430\u0432\u043b\u0438\u0447\u0435\u0441\u043a\u0438\u0435 \u0441\u0438\u0441\u0442\u0435\u043c\u044b. \u041a\u043e\u043c\u043f\u0430\u043d\u0438\u044f Ad\u0131m Koza \u044f\u0432\u043b\u044f\u0435\u0442\u0441\u044f \u043e\u0434\u043d\u043e\u0439 \u0438\u0437 \u0433\u0438\u0434\u0440\u0430\u0432\u043b\u0438\u0447\u0435\u0441\u043a\u0438\u0445 \u043a\u043e\u043c\u043f\u0430\u043d\u0438\u0439 \u041e\u0441\u0442\u0438\u043c\u0430 \u0438 \u0441\u0442\u0440\u0435\u043c\u0438\u0442\u0441\u044f \u0431\u044b\u0442\u044c \u00ab\u043f\u0443\u0442\u0435\u0432\u043e\u0434\u0438\u0442\u0435\u043b\u0435\u043c \u0434\u043b\u044f \u043d\u0430\u0447\u0438\u043d\u0430\u044e\u0449\u0438\u0445\u00bb. \u041a\u0430\u043a \u0432\u0441\u0435\u043c \u0438\u0437\u0432\u0435\u0441\u0442\u043d\u043e, \u043c\u0430\u0448\u0438\u043d\u0430\u043c \u043d\u0443\u0436\u043d\u0430 \u044d\u043d\u0435\u0440\u0433\u0438\u044f\/\u043c\u043e\u0449\u043d\u043e\u0441\u0442\u044c \u0434\u043b\u044f \u043a\u043e\u0440\u0440\u0435\u043a\u0442\u043d\u043e\u0439 \u0440\u0430\u0431\u043e\u0442\u044b. \u0413\u0438\u0434\u0440\u0430\u0432\u043b\u0438\u0447\u0435\u0441\u043a\u0438\u0435 \u0441\u0438\u0441\u0442\u0435\u043c\u044b \u043f\u043e\u0437\u0432\u043e\u043b\u044f\u044e\u0442 \u043f\u0435\u0440\u0435\u0434\u0430\u0432\u0430\u0442\u044c \u044d\u0442\u0443 \u043c\u043e\u0449\u043d\u043e\u0441\u0442\u044c \u043a \u0442\u0435\u043c \u0443\u0437\u043b\u0430\u043c, [&hellip;]<\/p>\n\n\t\t\t\t<!-- meta data -->\r\n\t\t<div class=\"post_data\">\r\n\r\n\t\t\t\r\n\t\t\t\t\t\t<!-- categories -->\r\n\t\t\t<span class=\"icon-flow-cascade categories\"><a href=\"https:\/\/adimkoza.com.tr\/ru\/category\/news-ru\/\" rel=\"category tag\">\u041d\u043e\u0432\u043e\u0441\u0442\u0438 \u043a\u043e\u043c\u043f\u0430\u043d\u0438\u0438<\/a><\/span>\r\n\t\t\t\r\n\t\t\t\r\n\t\t\t\r\n\t\t<\/div><!-- \/ end div  .post_data -->\r\n\t\n\t<\/div> \n\n<\/article> \n<!-- \/ blog box-->\n<\/div>\n<\/div>\n<\/div>\n<div class=\"paging_wrapper margin-t30 margin-b30\"><\/div>[\/vc_column][\/vc_row]<\/p>\n","protected":false},"excerpt":{"rendered":"<p>[vc_row rt_row_background_width=&#187;fullwidth&#187; rt_row_content_width=&#187;default&#187; rt_row_style=&#187;default-style&#187; rt_row_borders=&#187;&#187; rt_row_paddings=&#187;true&#187; rt_bg_effect=&#187;classic&#187; rt_bg_image_repeat=&#187;repeat&#187; rt_bg_size=&#187;cover&#187; rt_bg_position=&#187;right top&#187; rt_bg_attachment=&#187;scroll&#187; rt_bg_video_format=&#187;self-hosted&#187;][vc_column rt_wrp_col_paddings=&#187;false&#187; rt_border_top=&#187;&#187; rt_border_bottom=&#187;&#187; rt_border_left=&#187;&#187; rt_border_right=&#187;&#187; rt_border_top_mobile=&#187;&#187; rt_border_bottom_mobile=&#187;&#187; rt_border_left_mobile=&#187;&#187; rt_border_right_mobile=&#187;&#187; rt_bg_image_repeat=&#187;repeat&#187; rt_bg_size=&#187;auto auto&#187; rt_bg_position=&#187;right top&#187; rt_bg_attachment=&#187;scroll&#187;][\/vc_column][\/vc_row]<\/p>\n","protected":false},"author":1,"featured_media":0,"parent":0,"menu_order":0,"comment_status":"open","ping_status":"closed","template":"","meta":{"_joinchat":[],"footnotes":""},"class_list":["post-4348","page","type-page","status-publish","hentry"],"_links":{"self":[{"href":"https:\/\/adimkoza.com.tr\/ru\/wp-json\/wp\/v2\/pages\/4348","targetHints":{"allow":["GET"]}}],"collection":[{"href":"https:\/\/adimkoza.com.tr\/ru\/wp-json\/wp\/v2\/pages"}],"about":[{"href":"https:\/\/adimkoza.com.tr\/ru\/wp-json\/wp\/v2\/types\/page"}],"author":[{"embeddable":true,"href":"https:\/\/adimkoza.com.tr\/ru\/wp-json\/wp\/v2\/users\/1"}],"replies":[{"embeddable":true,"href":"https:\/\/adimkoza.com.tr\/ru\/wp-json\/wp\/v2\/comments?post=4348"}],"version-history":[{"count":3,"href":"https:\/\/adimkoza.com.tr\/ru\/wp-json\/wp\/v2\/pages\/4348\/revisions"}],"predecessor-version":[{"id":5383,"href":"https:\/\/adimkoza.com.tr\/ru\/wp-json\/wp\/v2\/pages\/4348\/revisions\/5383"}],"wp:attachment":[{"href":"https:\/\/adimkoza.com.tr\/ru\/wp-json\/wp\/v2\/media?parent=4348"}],"curies":[{"name":"wp","href":"https:\/\/api.w.org\/{rel}","templated":true}]}}