{"id":4419,"date":"2015-02-02T04:29:48","date_gmt":"2015-02-02T04:29:48","guid":{"rendered":"https:\/\/adimkoza.com.tr\/ana-sayfa\/"},"modified":"2026-03-10T06:39:03","modified_gmt":"2026-03-10T06:39:03","slug":"home-page","status":"publish","type":"page","link":"https:\/\/adimkoza.com.tr\/en\/","title":{"rendered":"HOME"},"content":{"rendered":"<p>[vc_row rt_row_background_width=&#8221;fullwidth&#8221; rt_row_content_width=&#8221;default&#8221; rt_row_style=&#8221;light-style&#8221; rt_row_borders=&#8221;&#8221; rt_row_paddings=&#8221;true&#8221; id=&#8221;ozel-gallery-caption&#8221; rt_bg_effect=&#8221;classic&#8221; rt_bg_image_repeat=&#8221;no-repeat&#8221; rt_bg_size=&#8221;50% auto&#8221; rt_bg_position=&#8221;center top&#8221; rt_bg_attachment=&#8221;fixed&#8221; rt_bg_video_format=&#8221;self-hosted&#8221; rt_bg_overlay_color=&#8221;#E26E20CF&#8221; rt_padding_top=&#8221;85&#8243; rt_padding_bottom=&#8221;45&#8243; rt_bg_video_mp4=&#8221;https:\/\/adimkoza.com.tr\/wp-content\/uploads\/2026\/02\/gucgen-tech_1.mp4&#8243; class=&#8221;hero-video-fix&#8221; rt_bg_color=&#8221;#000000&#8243;][vc_column rt_wrp_col_paddings=&#8221;false&#8221; rt_border_top=&#8221;&#8221; rt_border_bottom=&#8221;&#8221; rt_border_left=&#8221;&#8221; rt_border_right=&#8221;&#8221; rt_border_top_mobile=&#8221;&#8221; rt_border_bottom_mobile=&#8221;&#8221; rt_border_left_mobile=&#8221;&#8221; rt_border_right_mobile=&#8221;&#8221; rt_bg_image_repeat=&#8221;repeat&#8221; rt_bg_size=&#8221;auto auto&#8221; rt_bg_position=&#8221;right top&#8221; rt_bg_attachment=&#8221;scroll&#8221;][vc_gallery type=&#8221;image_grid&#8221; images=&#8221;4357,4358,4359,4360,4361,4362,4363,4364,4365,4366,4367,4368,4369,4370,4371&#8243; onclick=&#8221;custom_link&#8221; css=&#8221;.vc_custom_1772875636448{margin-bottom: 0px !important;}&#8221; el_id=&#8221;ozel-caption-slider&#8221; custom_links=&#8221;#E-8_aHR0cHMlM0ElMkYlMkZhZGlta296YS5jb20udHIlMkZlbiUyRnByb2R1Y3RzJTJGbWFuaWZvbGRzJTJGJTJDaHR0cHMlM0ElMkYlMkZhZGlta296YS5jb20udHIlMkZlbiUyRnByb2R1Y3RzJTJGc2Vydm8tdGVjaG5vbG9naWVzJTJGJTJDaHR0cHMlM0ElMkYlMkZhZGlta296YS5jb20udHIlMkZlbiUyRnByb2R1Y3RzJTJGdmFsdmVzJTJGJTJDaHR0cHMlM0ElMkYlMkZhZGlta296YS5jb20udHIlMkZlbiUyRnByb2R1Y3QtZGV0YWlscyUyRnBvd2VyLXVuaXRzJTJGJTJDaHR0cHMlM0ElMkYlMkZhZGlta296YS5jb20udHIlMkZlbiUyRnByb2R1Y3RzJTJGY3lsaW5kZXJzLWFuZC1hY3R1YXRvcnMlMkYlMkNodHRwcyUzQSUyRiUyRmFkaW1rb3phLmNvbS50ciUyRmVuJTJGcHJvZHVjdHMlMkZmbG93LWRpdmlkZXJzJTJGJTJDaHR0cHMlM0ElMkYlMkZhZGlta296YS5jb20udHIlMkZlbiUyRnByb2R1Y3RzJTJGaHlkcmF1bGljLW1vdG9ycyUyRiUyQ2h0dHBzJTNBJTJGJTJGYWRpbWtvemEuY29tLnRyJTJGZW4lMkZwcm9kdWN0LWRldGFpbHMlMkZhdXRvbWF0aWMtbGV2ZWxpbmctc3lzdGVtcyUyRiUyQ2h0dHBzJTNBJTJGJTJGYWRpbWtvemEuY29tLnRyJTJGZW4lMkZwcm9kdWN0cyUyRm1lYXN1cmVtZW50LWNvbXBvbmVudHMlMkYlMkNodHRwcyUzQSUyRiUyRmFkaW1rb3phLmNvbS50ciUyRmVuJTJGcHJvZHVjdHMlMkZwcmVzc2VzJTJGJTJDaHR0cHMlM0ElMkYlMkZhZGlta296YS5jb20udHIlMkZlbiUyRnByb2R1Y3RzJTJGY3VzdG9tLWRlc2lnbmVkLXN5c3RlbXMlMkYlMkNodHRwcyUzQSUyRiUyRmFkaW1rb3phLmNvbS50ciUyRmVuJTJGcHJvZHVjdHMlMkZoeWRyYXVsaWMtcHVtcHMlMkYlMkNodHRwcyUzQSUyRiUyRmFkaW1rb3phLmNvbS50ciUyRmVuJTJGcHJvZHVjdHMlMkZoeWRyYXVsaWMtYXV4aWxpYXJ5LWNvbXBvbmVudHMlMkYlMkNodHRwcyUzQSUyRiUyRmFkaW1rb3phLmNvbS50ciUyRmVuJTJGcHJvZHVjdHMlMkZjb25uZWN0aW9uLWNvbXBvbmVudHMlMkYlMkNodHRwcyUzQSUyRiUyRmFkaW1rb3phLmNvbS50ciUyRmVuJTJGcHJvZHVjdC1kZXRhaWxzJTJGaHlkcmF1bGljLWFuZC1wbmV1bWF0aWMtdHJhaW5pbmctc2V0cyUyRg==&#8221;][\/vc_column][\/vc_row][vc_row rt_row_background_width=&#8221;fullwidth&#8221; rt_row_content_width=&#8221;default&#8221; rt_row_style=&#8221;default-style&#8221; rt_row_borders=&#8221;&#8221; rt_row_paddings=&#8221;true&#8221; rt_bg_effect=&#8221;classic&#8221; rt_bg_image_repeat=&#8221;repeat&#8221; rt_bg_size=&#8221;cover&#8221; rt_bg_position=&#8221;right top&#8221; rt_bg_attachment=&#8221;scroll&#8221; rt_bg_video_format=&#8221;self-hosted&#8221; class=&#8221;ozel-caption-slider&#8221;][vc_column rt_wrp_col_paddings=&#8221;false&#8221; rt_border_top=&#8221;&#8221; rt_border_bottom=&#8221;&#8221; rt_border_left=&#8221;&#8221; rt_border_right=&#8221;&#8221; rt_border_top_mobile=&#8221;&#8221; rt_border_bottom_mobile=&#8221;&#8221; rt_border_left_mobile=&#8221;&#8221; rt_border_right_mobile=&#8221;&#8221; rt_bg_image_repeat=&#8221;repeat&#8221; rt_bg_size=&#8221;auto auto&#8221; rt_bg_position=&#8221;right top&#8221; rt_bg_attachment=&#8221;scroll&#8221;]<div class=\"rt_heading_wrapper style-4\">\n\t\t\t\t\t\t<h2 class=\"rt_heading  style-4\" >SOLUTIONS<\/h2>\n\t\t\t\t\t<\/div>\r\n\t\t\t\t<div id=\"slider-image-carousel-574200\" class=\"rt-carousel rt-image-carousel carousel-holder clearfix rt-image-carousel \" data-item-width=\"5\" data-nav=\"true\" data-dots=\"true\" data-margin=\"\" data-autoplay=\"true\" data-timeout=\"3500\" data-loop=\"false\" data-tablet-item-width=\"3\" data-mobile-item-width=\"2\">\r\n\t\t\t\t\t<div class=\"owl-carousel\">\r\n\t\t\t\t\t\t<div><a href=\"https:\/\/adimkoza.com.tr\/en\/solutions\/#defense-industry\" title=\"Defense Industry\" target=\"_self\"><img decoding=\"async\" src=\"https:\/\/adimkoza.com.tr\/wp-content\/uploads\/2015\/02\/Savunma-Sanayi-300x200.webp\" alt=\"Defense Industry\"><\/a><\/div><div><a href=\"https:\/\/adimkoza.com.tr\/en\/solutions\/#mining-drilling\" title=\"Mining and Drilling\" target=\"_self\"><img decoding=\"async\" src=\"https:\/\/adimkoza.com.tr\/wp-content\/uploads\/2015\/02\/madencilik-300x200.webp\" alt=\"Mining and Drilling\"><\/a><\/div><div><a href=\"https:\/\/adimkoza.com.tr\/en\/solutions\/#medical-sector\" title=\"Medical Sector \/ Healthcare Industry\" target=\"_self\"><img decoding=\"async\" src=\"https:\/\/adimkoza.com.tr\/wp-content\/uploads\/2015\/02\/medikal-300x200.webp\" alt=\"Medical Sector \/ Healthcare Industry\"><\/a><\/div><div><a href=\"https:\/\/adimkoza.com.tr\/en\/solutions\/#crushing-screening\" title=\"Crushing and Screening\" target=\"_self\"><img decoding=\"async\" src=\"https:\/\/adimkoza.com.tr\/wp-content\/uploads\/2015\/02\/tas-kirma-eleme-300x200.webp\" alt=\"Crushing and Screening\"><\/a><\/div><div><a href=\"https:\/\/adimkoza.com.tr\/en\/solutions\/#custom-designed-machines\" title=\"Custom-Designed Machines\" target=\"_self\"><img decoding=\"async\" src=\"https:\/\/adimkoza.com.tr\/wp-content\/uploads\/2015\/02\/Ozel-Tasarim-Makineler-300x200.webp\" alt=\"Custom-Designed Machines\"><\/a><\/div><div><a href=\"https:\/\/adimkoza.com.tr\/en\/solutions\/#mobile-systems\" title=\"Mobile Systems\" target=\"_self\"><img decoding=\"async\" src=\"https:\/\/adimkoza.com.tr\/wp-content\/uploads\/2015\/02\/mobil-hidrolik-sistemler-300x200.webp\" alt=\"Mobile Systems\"><\/a><\/div><div><a href=\"https:\/\/adimkoza.com.tr\/en\/solutions\/#test-systems\" title=\"Test Systems\" target=\"_self\"><img decoding=\"async\" src=\"https:\/\/adimkoza.com.tr\/wp-content\/uploads\/2015\/02\/test-sistemleri-300x200.webp\" alt=\"Test Systems\"><\/a><\/div><div><a href=\"https:\/\/adimkoza.com.tr\/en\/solutions\/#dam-hpp\" title=\"Dam and Hydroelectric Power Plant (HPP) Hydraulics\" target=\"_self\"><img decoding=\"async\" src=\"https:\/\/adimkoza.com.tr\/wp-content\/uploads\/2015\/02\/Baraj-ve-HES-Hidroligi-300x200.webp\" alt=\"Dam and Hydroelectric Power Plant (HPP) Hydraulics\"><\/a><\/div><div><a href=\"https:\/\/adimkoza.com.tr\/en\/solutions\/#agricultural-systems\" title=\"Agricultural Systems\" target=\"_self\"><img decoding=\"async\" src=\"https:\/\/adimkoza.com.tr\/wp-content\/uploads\/2015\/02\/zirai-sistemler-300x200.webp\" alt=\"Agricultural Systems\"><\/a><\/div>\r\n\t\t\t\t\t<\/div>\r\n\t\t\t\t\t\r\n\t\t\t\t<div id=\"slider-image-carousel-574200-dots\" class=\"dots-holder\">\r\n\t\t\t\t<\/div>\r\n\t\t\t\r\n\t\t\t\t<\/div>\r\n\t\t\t[\/vc_column][\/vc_row][vc_row rt_row_background_width=&#8221;fullwidth&#8221; rt_row_content_width=&#8221;default&#8221; rt_row_style=&#8221;alt-style-1&#8243; rt_column_placement=&#8221;middle&#8221; rt_row_borders=&#8221;&#8221; rt_row_paddings=&#8221;true&#8221; rt_bg_effect=&#8221;classic&#8221; rt_bg_image_repeat=&#8221;repeat&#8221; rt_bg_size=&#8221;cover&#8221; rt_bg_position=&#8221;right top&#8221; rt_bg_attachment=&#8221;scroll&#8221; rt_bg_video_format=&#8221;self-hosted&#8221; rt_padding_top=&#8221;0&#8243; rt_padding_bottom=&#8221;0&#8243; rt_padding_left=&#8221;0&#8243; rt_padding_right=&#8221;0&#8243; rt_bg_color=&#8221;#00000000&#8243;][vc_column rt_wrp_col_paddings=&#8221;false&#8221; rt_border_top=&#8221;&#8221; rt_border_bottom=&#8221;&#8221; rt_border_left=&#8221;&#8221; rt_border_right=&#8221;&#8221; rt_border_top_mobile=&#8221;&#8221; rt_border_bottom_mobile=&#8221;&#8221; rt_border_left_mobile=&#8221;&#8221; rt_border_right_mobile=&#8221;&#8221; rt_bg_image_repeat=&#8221;repeat&#8221; rt_bg_size=&#8221;auto auto&#8221; rt_bg_position=&#8221;right top&#8221; rt_bg_attachment=&#8221;scroll&#8221;]\r\n\t\t\t\t<div id=\"slider-image-carousel-657179\" class=\"rt-carousel rt-image-carousel carousel-holder clearfix rt-image-carousel \" data-item-width=\"4\" data-nav=\"true\" data-dots=\"false\" data-margin=\"\" data-autoplay=\"true\" data-timeout=\"2000\" data-loop=\"true\" data-tablet-item-width=\"3\" data-mobile-item-width=\"2\">\r\n\t\t\t\t\t<div class=\"owl-carousel\">\r\n\t\t\t\t\t\t<div><img decoding=\"async\" src=\"https:\/\/adimkoza.com.tr\/wp-content\/uploads\/2026\/02\/AdimKoza-logo-200x200.webp\" alt=\"\" itemprop=\"image\"><\/div><div><img decoding=\"async\" src=\"https:\/\/adimkoza.com.tr\/wp-content\/uploads\/2026\/02\/Star-logo-200x200.webp\" alt=\"\" itemprop=\"image\"><\/div><div><img decoding=\"async\" src=\"https:\/\/adimkoza.com.tr\/wp-content\/uploads\/2026\/02\/Flucom-logo-200x200.webp\" alt=\"\" itemprop=\"image\"><\/div><div><img decoding=\"async\" src=\"https:\/\/adimkoza.com.tr\/wp-content\/uploads\/2026\/02\/danfoss-200x200.webp\" alt=\"Danfoss\" itemprop=\"image\"><\/div><div><img decoding=\"async\" src=\"https:\/\/adimkoza.com.tr\/wp-content\/uploads\/2026\/02\/Vivolo-logo-200x200.webp\" alt=\"\" itemprop=\"image\"><\/div><div><img decoding=\"async\" src=\"https:\/\/adimkoza.com.tr\/wp-content\/uploads\/2026\/02\/Wika-logo-200x200.webp\" alt=\"tesa loo\" itemprop=\"image\"><\/div><div><img decoding=\"async\" src=\"https:\/\/adimkoza.com.tr\/wp-content\/uploads\/2026\/02\/TESAlogo-200x200.webp\" alt=\"\" itemprop=\"image\"><\/div>\r\n\t\t\t\t\t<\/div>\r\n\t\t\t\t\t\r\n\t\t\t\t<\/div>\r\n\t\t\t[\/vc_column][\/vc_row][vc_row rt_row_background_width=&#8221;fullwidth&#8221; rt_row_content_width=&#8221;default&#8221; rt_row_style=&#8221;default-style&#8221; rt_column_placement=&#8221;middle&#8221; rt_row_borders=&#8221;&#8221; rt_row_paddings=&#8221;true&#8221; rt_bg_effect=&#8221;classic&#8221; rt_bg_image_repeat=&#8221;repeat&#8221; rt_bg_size=&#8221;cover&#8221; rt_bg_position=&#8221;right top&#8221; rt_bg_attachment=&#8221;scroll&#8221; rt_bg_video_format=&#8221;self-hosted&#8221; rt_padding_top=&#8221;30&#8243; rt_padding_bottom=&#8221;0&#8243; rt_padding_left=&#8221;0&#8243; rt_padding_right=&#8221;0&#8243; rt_bg_color=&#8221;#FFFFFF&#8221;][vc_column rt_wrp_col_paddings=&#8221;false&#8221; rt_border_top=&#8221;&#8221; rt_border_bottom=&#8221;&#8221; rt_border_left=&#8221;&#8221; rt_border_right=&#8221;&#8221; rt_border_top_mobile=&#8221;&#8221; rt_border_bottom_mobile=&#8221;&#8221; rt_border_left_mobile=&#8221;&#8221; rt_border_right_mobile=&#8221;&#8221; rt_bg_image_repeat=&#8221;repeat&#8221; rt_bg_size=&#8221;auto auto&#8221; rt_bg_position=&#8221;right top&#8221; rt_bg_attachment=&#8221;scroll&#8221;]<div class=\"rt_heading_wrapper style-4\">\n\t\t\t\t\t\t<h3 class=\"rt_heading  style-4\" ><span class=\"icon-doc-alt heading_icon\"><\/span>LATEST POSTS<\/h3>\n\t\t\t\t\t<\/div>\r\n\t\t\t\t<div id=\"slider-blog-carousel-dynamicID-733754\" class=\"rt-carousel rt-image-carousel carousel-holder clearfix blog-carousel\" data-item-width=\"4\" data-nav=\"true\" data-dots=\"true\" data-margin=\"15\" data-autoplay=\"true\" data-timeout=\"3000\" data-loop=\"false\" data-tablet-item-width=\"3\" data-mobile-item-width=\"2\">\r\n\t\t\t\t\t<div class=\"owl-carousel\">\r\n\t\t\t\t\t\t<div><div class=\"item post\">\n \n\n<!-- blog box-->\n<article class=\"loop post-5331 post type-post status-publish format-standard has-post-thumbnail hentry category-news\" id=\"post-5331\">\n\t\t\n\t\n\t\t\t<figure class=\"featured_image\">\n\t\t\t<a href=\"https:\/\/adimkoza.com.tr\/en\/hydraulic-pneumatic-press-solutions\/\" title=\"Hydraulic \u2013 Pneumatic Press Solutions\" rel=\"bookmark\"><img decoding=\"async\" src=\"https:\/\/adimkoza.com.tr\/wp-content\/uploads\/2026\/02\/41.webp\" alt=\"Hidrolik Pn\u00f6matik Presler\" class=\"\" \/><\/a>\n\t\t<\/figure>  \t\n\t\n\n\t\n\t<div class=\"text\">\n\n\t\t<!-- blog headline-->\n\t\t\t\t\t<h5 class=\"clean_heading\"><a href=\"https:\/\/adimkoza.com.tr\/en\/hydraulic-pneumatic-press-solutions\/\" title=\"Hydraulic \u2013 Pneumatic Press Solutions\" rel=\"bookmark\">Hydraulic \u2013 Pneumatic Press Solutions<\/a><\/h5> \n\t\t\n\t\t\n\t\t\t\t<!-- meta data -->\r\n\t\t<div class=\"post_data\">\r\n\r\n\t\t\t\r\n\t\t\t\r\n\t\t\t\r\n\t\t\t\r\n\t\t<\/div><!-- \/ end div  .post_data -->\r\n\t\n\t<\/div> \n\n<\/article> \n<!-- \/ blog box-->\n<\/div>\n<\/div><div><div class=\"item post\">\n \n\n<!-- blog box-->\n<article class=\"loop post-5326 post type-post status-publish format-standard has-post-thumbnail hentry category-news\" id=\"post-5326\">\n\t\t\n\t\n\t\t\t<figure class=\"featured_image\">\n\t\t\t<a href=\"https:\/\/adimkoza.com.tr\/en\/high-performance-hydraulic-power-units-hpu-power-packs-for-industrial-applications\/\" title=\"High-Performance Hydraulic Power Units (HPU) \/ Power Packs for Industrial Applications\" rel=\"bookmark\"><img decoding=\"async\" src=\"https:\/\/adimkoza.com.tr\/wp-content\/uploads\/2026\/02\/hydraulic-power-packs.webp\" alt=\"hydraulic-power-packs\" class=\"\" \/><\/a>\n\t\t<\/figure>  \t\n\t\n\n\t\n\t<div class=\"text\">\n\n\t\t<!-- blog headline-->\n\t\t\t\t\t<h5 class=\"clean_heading\"><a href=\"https:\/\/adimkoza.com.tr\/en\/high-performance-hydraulic-power-units-hpu-power-packs-for-industrial-applications\/\" title=\"High-Performance Hydraulic Power Units (HPU) \/ Power Packs for Industrial Applications\" rel=\"bookmark\">High-Performance Hydraulic Power Units (HPU) \/ Power Packs for Industrial Applications<\/a><\/h5> \n\t\t\n\t\t\n\t\t\t\t<!-- meta data -->\r\n\t\t<div class=\"post_data\">\r\n\r\n\t\t\t\r\n\t\t\t\r\n\t\t\t\r\n\t\t\t\r\n\t\t<\/div><!-- \/ end div  .post_data -->\r\n\t\n\t<\/div> \n\n<\/article> \n<!-- \/ blog box-->\n<\/div>\n<\/div><div><div class=\"item post\">\n \n\n<!-- blog box-->\n<article class=\"loop post-5321 post type-post status-publish format-standard has-post-thumbnail hentry category-news\" id=\"post-5321\">\n\t\t\n\t\n\t\t\t<figure class=\"featured_image\">\n\t\t\t<a href=\"https:\/\/adimkoza.com.tr\/en\/high-precision-servo-valve-solutions-for-advanced-hydraulic-systems\/\" title=\"High-Precision Servo Valve Solutions for Advanced Hydraulic Systems\" rel=\"bookmark\"><img decoding=\"async\" src=\"https:\/\/adimkoza.com.tr\/wp-content\/uploads\/2026\/02\/3.jpeg\" alt=\"\u0130leri Hidrolik Sistemler i\u00e7in Y\u00fcksek Hassasiyetli Servo Valf \u00c7\u00f6z\u00fcmleri\" class=\"\" \/><\/a>\n\t\t<\/figure>  \t\n\t\n\n\t\n\t<div class=\"text\">\n\n\t\t<!-- blog headline-->\n\t\t\t\t\t<h5 class=\"clean_heading\"><a href=\"https:\/\/adimkoza.com.tr\/en\/high-precision-servo-valve-solutions-for-advanced-hydraulic-systems\/\" title=\"High-Precision Servo Valve Solutions for Advanced Hydraulic Systems\" rel=\"bookmark\">High-Precision Servo Valve Solutions for Advanced Hydraulic Systems<\/a><\/h5> \n\t\t\n\t\t\n\t\t\t\t<!-- meta data -->\r\n\t\t<div class=\"post_data\">\r\n\r\n\t\t\t\r\n\t\t\t\r\n\t\t\t\r\n\t\t\t\r\n\t\t<\/div><!-- \/ end div  .post_data -->\r\n\t\n\t<\/div> \n\n<\/article> \n<!-- \/ blog box-->\n<\/div>\n<\/div><div><div class=\"item post\">\n \n\n<!-- blog box-->\n<article class=\"loop post-5317 post type-post status-publish format-standard has-post-thumbnail hentry category-news\" id=\"post-5317\">\n\t\t\n\t\n\t\t\t<figure class=\"featured_image\">\n\t\t\t<a href=\"https:\/\/adimkoza.com.tr\/en\/high-performance-hydraulic-manifolds-for-drilling-applications\/\" title=\"High-Performance Hydraulic Manifolds for Drilling Applications\" rel=\"bookmark\"><img decoding=\"async\" src=\"https:\/\/adimkoza.com.tr\/wp-content\/uploads\/2026\/02\/1.jpeg\" alt=\"Sondaj Uygulamalar\u0131 i\u00e7in Y\u00fcksek Performansl\u0131 Hidrolik Manifoldlar\" class=\"\" \/><\/a>\n\t\t<\/figure>  \t\n\t\n\n\t\n\t<div class=\"text\">\n\n\t\t<!-- blog headline-->\n\t\t\t\t\t<h5 class=\"clean_heading\"><a href=\"https:\/\/adimkoza.com.tr\/en\/high-performance-hydraulic-manifolds-for-drilling-applications\/\" title=\"High-Performance Hydraulic Manifolds for Drilling Applications\" rel=\"bookmark\">High-Performance Hydraulic Manifolds for Drilling Applications<\/a><\/h5> \n\t\t\n\t\t\n\t\t\t\t<!-- meta data -->\r\n\t\t<div class=\"post_data\">\r\n\r\n\t\t\t\r\n\t\t\t\r\n\t\t\t\r\n\t\t\t\r\n\t\t<\/div><!-- \/ end div  .post_data -->\r\n\t\n\t<\/div> \n\n<\/article> \n<!-- \/ blog box-->\n<\/div>\n<\/div><div><div class=\"item post\">\n \n\n<!-- blog box-->\n<article class=\"loop post-5526 post type-post status-publish format-standard has-post-thumbnail hentry category-news\" id=\"post-5526\">\n\t\t\n\t\n\t\t\t<figure class=\"featured_image\">\n\t\t\t<a href=\"https:\/\/adimkoza.com.tr\/en\/wika-introduced-their-new-pressure-switch\/\" title=\"Wika Introduced Their New Pressure Switch\" rel=\"bookmark\"><img decoding=\"async\" src=\"https:\/\/adimkoza.com.tr\/wp-content\/uploads\/2018\/11\/PIC_PR_PSM_520_de_de_89623.jpg-700x534.webp\" alt=\"PIC_PR_PSM_520_de_de_89623.jpg\" class=\"\" \/><\/a>\n\t\t<\/figure>  \t\n\t\n\n\t\n\t<div class=\"text\">\n\n\t\t<!-- blog headline-->\n\t\t\t\t\t<h5 class=\"clean_heading\"><a href=\"https:\/\/adimkoza.com.tr\/en\/wika-introduced-their-new-pressure-switch\/\" title=\"Wika Introduced Their New Pressure Switch\" rel=\"bookmark\">Wika Introduced Their New Pressure Switch<\/a><\/h5> \n\t\t\n\t\t\n\t\t\t\t<!-- meta data -->\r\n\t\t<div class=\"post_data\">\r\n\r\n\t\t\t\r\n\t\t\t\r\n\t\t\t\r\n\t\t\t\r\n\t\t<\/div><!-- \/ end div  .post_data -->\r\n\t\n\t<\/div> \n\n<\/article> \n<!-- \/ blog box-->\n<\/div>\n<\/div><div><div class=\"item post\">\n \n\n<!-- blog box-->\n<article class=\"loop post-5506 post type-post status-publish format-standard has-post-thumbnail hentry category-news\" id=\"post-5506\">\n\t\t\n\t\n\t\t\t<figure class=\"featured_image\">\n\t\t\t<a href=\"https:\/\/adimkoza.com.tr\/en\/industry-4-0-at-a-glance\/\" title=\"Industry 4.0: At a Glance\" rel=\"bookmark\"><img decoding=\"async\" src=\"https:\/\/adimkoza.com.tr\/wp-content\/uploads\/2026\/03\/endustri-4-0.jpg\" alt=\"endustri-4-0\" class=\"\" \/><\/a>\n\t\t<\/figure>  \t\n\t\n\n\t\n\t<div class=\"text\">\n\n\t\t<!-- blog headline-->\n\t\t\t\t\t<h5 class=\"clean_heading\"><a href=\"https:\/\/adimkoza.com.tr\/en\/industry-4-0-at-a-glance\/\" title=\"Industry 4.0: At a Glance\" rel=\"bookmark\">Industry 4.0: At a Glance<\/a><\/h5> \n\t\t\n\t\t\n\t\t\t\t<!-- meta data -->\r\n\t\t<div class=\"post_data\">\r\n\r\n\t\t\t\r\n\t\t\t\r\n\t\t\t\r\n\t\t\t\r\n\t\t<\/div><!-- \/ end div  .post_data -->\r\n\t\n\t<\/div> \n\n<\/article> \n<!-- \/ blog box-->\n<\/div>\n<\/div><div><div class=\"item post\">\n \n\n<!-- blog box-->\n<article class=\"loop post-5493 post type-post status-publish format-standard has-post-thumbnail hentry category-news\" id=\"post-5493\">\n\t\t\n\t\n\t\t\t<figure class=\"featured_image\">\n\t\t\t<a href=\"https:\/\/adimkoza.com.tr\/en\/hydraulic-systems-for-dummies\/\" title=\"\u0413\u0438\u0434\u0440\u0430\u0432\u043b\u0438\u0447\u0435\u0441\u043a\u0438\u0435 \u0441\u0438\u0441\u0442\u0435\u043c\u044b \u00ab\u0434\u043b\u044f \u0447\u0430\u0439\u043d\u0438\u043a\u043e\u0432\u00bb\" rel=\"bookmark\"><img decoding=\"async\" src=\"https:\/\/adimkoza.com.tr\/wp-content\/uploads\/2026\/03\/hidrolik-sistemler-ostim-ankara-912x534.jpg\" alt=\"hidrolik-sistemler-ostim-ankara\" class=\"\" \/><\/a>\n\t\t<\/figure>  \t\n\t\n\n\t\n\t<div class=\"text\">\n\n\t\t<!-- blog headline-->\n\t\t\t\t\t<h5 class=\"clean_heading\"><a href=\"https:\/\/adimkoza.com.tr\/en\/hydraulic-systems-for-dummies\/\" title=\"\u0413\u0438\u0434\u0440\u0430\u0432\u043b\u0438\u0447\u0435\u0441\u043a\u0438\u0435 \u0441\u0438\u0441\u0442\u0435\u043c\u044b \u00ab\u0434\u043b\u044f \u0447\u0430\u0439\u043d\u0438\u043a\u043e\u0432\u00bb\" rel=\"bookmark\">\u0413\u0438\u0434\u0440\u0430\u0432\u043b\u0438\u0447\u0435\u0441\u043a\u0438\u0435 \u0441\u0438\u0441\u0442\u0435\u043c\u044b \u00ab\u0434\u043b\u044f \u0447\u0430\u0439\u043d\u0438\u043a\u043e\u0432\u00bb<\/a><\/h5> \n\t\t\n\t\t\n\t\t\t\t<!-- meta data -->\r\n\t\t<div class=\"post_data\">\r\n\r\n\t\t\t\r\n\t\t\t\r\n\t\t\t\r\n\t\t\t\r\n\t\t<\/div><!-- \/ end div  .post_data -->\r\n\t\n\t<\/div> \n\n<\/article> \n<!-- \/ blog box-->\n<\/div>\n<\/div>\r\n\t\t\t\t\t<\/div>\r\n\t\t\t\t\t\r\n\t\t\t\t<div id=\"slider-blog-carousel-dynamicID-733754-dots\" class=\"dots-holder\">\r\n\t\t\t\t<\/div>\r\n\t\t\t\r\n\t\t\t\t<\/div>\r\n\t\t\t[\/vc_column][\/vc_row]<\/p>\n","protected":false},"excerpt":{"rendered":"<p>[vc_row rt_row_background_width=&#8221;fullwidth&#8221; rt_row_content_width=&#8221;default&#8221; rt_row_style=&#8221;light-style&#8221; rt_row_borders=&#8221;&#8221; rt_row_paddings=&#8221;true&#8221; id=&#8221;ozel-gallery-caption&#8221; rt_bg_effect=&#8221;classic&#8221; rt_bg_image_repeat=&#8221;no-repeat&#8221; rt_bg_size=&#8221;50% auto&#8221; rt_bg_position=&#8221;center top&#8221; rt_bg_attachment=&#8221;fixed&#8221; rt_bg_video_format=&#8221;self-hosted&#8221; rt_bg_overlay_color=&#8221;#E26E20CF&#8221; rt_padding_top=&#8221;85&#8243; rt_padding_bottom=&#8221;45&#8243; rt_bg_video_mp4=&#8221;https:\/\/adimkoza.com.tr\/wp-content\/uploads\/2026\/02\/gucgen-tech_1.mp4&#8243; class=&#8221;hero-video-fix&#8221; rt_bg_color=&#8221;#000000&#8243;][vc_column rt_wrp_col_paddings=&#8221;false&#8221; rt_border_top=&#8221;&#8221; rt_border_bottom=&#8221;&#8221; rt_border_left=&#8221;&#8221; rt_border_right=&#8221;&#8221; rt_border_top_mobile=&#8221;&#8221; rt_border_bottom_mobile=&#8221;&#8221; rt_border_left_mobile=&#8221;&#8221; rt_border_right_mobile=&#8221;&#8221; rt_bg_image_repeat=&#8221;repeat&#8221; rt_bg_size=&#8221;auto auto&#8221; rt_bg_position=&#8221;right top&#8221; rt_bg_attachment=&#8221;scroll&#8221;][vc_gallery type=&#8221;image_grid&#8221; images=&#8221;4357,4358,4359,4360,4361,4362,4363,4364,4365,4366,4367,4368,4369,4370,4371&#8243; onclick=&#8221;custom_link&#8221; css=&#8221;.vc_custom_1772875636448{margin-bottom: 0px !important;}&#8221; el_id=&#8221;ozel-caption-slider&#8221; custom_links=&#8221;#E-8_aHR0cHMlM0ElMkYlMkZhZGlta296YS5jb20udHIlMkZlbiUyRnByb2R1Y3RzJTJGbWFuaWZvbGRzJTJGJTJDaHR0cHMlM0ElMkYlMkZhZGlta296YS5jb20udHIlMkZlbiUyRnByb2R1Y3RzJTJGc2Vydm8tdGVjaG5vbG9naWVzJTJGJTJDaHR0cHMlM0ElMkYlMkZhZGlta296YS5jb20udHIlMkZlbiUyRnByb2R1Y3RzJTJGdmFsdmVzJTJGJTJDaHR0cHMlM0ElMkYlMkZhZGlta296YS5jb20udHIlMkZlbiUyRnByb2R1Y3QtZGV0YWlscyUyRnBvd2VyLXVuaXRzJTJGJTJDaHR0cHMlM0ElMkYlMkZhZGlta296YS5jb20udHIlMkZlbiUyRnByb2R1Y3RzJTJGY3lsaW5kZXJzLWFuZC1hY3R1YXRvcnMlMkYlMkNodHRwcyUzQSUyRiUyRmFkaW1rb3phLmNvbS50ciUyRmVuJTJGcHJvZHVjdHMlMkZmbG93LWRpdmlkZXJzJTJGJTJDaHR0cHMlM0ElMkYlMkZhZGlta296YS5jb20udHIlMkZlbiUyRnByb2R1Y3RzJTJGaHlkcmF1bGljLW1vdG9ycyUyRiUyQ2h0dHBzJTNBJTJGJTJGYWRpbWtvemEuY29tLnRyJTJGZW4lMkZwcm9kdWN0LWRldGFpbHMlMkZhdXRvbWF0aWMtbGV2ZWxpbmctc3lzdGVtcyUyRiUyQ2h0dHBzJTNBJTJGJTJGYWRpbWtvemEuY29tLnRyJTJGZW4lMkZwcm9kdWN0cyUyRm1lYXN1cmVtZW50LWNvbXBvbmVudHMlMkYlMkNodHRwcyUzQSUyRiUyRmFkaW1rb3phLmNvbS50ciUyRmVuJTJGcHJvZHVjdHMlMkZwcmVzc2VzJTJGJTJDaHR0cHMlM0ElMkYlMkZhZGlta296YS5jb20udHIlMkZlbiUyRnByb2R1Y3RzJTJGY3VzdG9tLWRlc2lnbmVkLXN5c3RlbXMlMkYlMkNodHRwcyUzQSUyRiUyRmFkaW1rb3phLmNvbS50ciUyRmVuJTJGcHJvZHVjdHMlMkZoeWRyYXVsaWMtcHVtcHMlMkYlMkNodHRwcyUzQSUyRiUyRmFkaW1rb3phLmNvbS50ciUyRmVuJTJGcHJvZHVjdHMlMkZoeWRyYXVsaWMtYXV4aWxpYXJ5LWNvbXBvbmVudHMlMkYlMkNodHRwcyUzQSUyRiUyRmFkaW1rb3phLmNvbS50ciUyRmVuJTJGcHJvZHVjdHMlMkZjb25uZWN0aW9uLWNvbXBvbmVudHMlMkYlMkNodHRwcyUzQSUyRiUyRmFkaW1rb3phLmNvbS50ciUyRmVuJTJGcHJvZHVjdC1kZXRhaWxzJTJGaHlkcmF1bGljLWFuZC1wbmV1bWF0aWMtdHJhaW5pbmctc2V0cyUyRg==&#8221;][\/vc_column][\/vc_row][vc_row rt_row_background_width=&#8221;fullwidth&#8221; rt_row_content_width=&#8221;default&#8221; rt_row_style=&#8221;default-style&#8221; rt_row_borders=&#8221;&#8221; rt_row_paddings=&#8221;true&#8221; rt_bg_effect=&#8221;classic&#8221; rt_bg_image_repeat=&#8221;repeat&#8221; rt_bg_size=&#8221;cover&#8221; rt_bg_position=&#8221;right top&#8221; rt_bg_attachment=&#8221;scroll&#8221; [&hellip;]<\/p>\n","protected":false},"author":1,"featured_media":0,"parent":0,"menu_order":0,"comment_status":"open","ping_status":"closed","template":"","meta":{"_joinchat":[],"footnotes":""},"class_list":["post-4419","page","type-page","status-publish","hentry"],"_links":{"self":[{"href":"https:\/\/adimkoza.com.tr\/en\/wp-json\/wp\/v2\/pages\/4419","targetHints":{"allow":["GET"]}}],"collection":[{"href":"https:\/\/adimkoza.com.tr\/en\/wp-json\/wp\/v2\/pages"}],"about":[{"href":"https:\/\/adimkoza.com.tr\/en\/wp-json\/wp\/v2\/types\/page"}],"author":[{"embeddable":true,"href":"https:\/\/adimkoza.com.tr\/en\/wp-json\/wp\/v2\/users\/1"}],"replies":[{"embeddable":true,"href":"https:\/\/adimkoza.com.tr\/en\/wp-json\/wp\/v2\/comments?post=4419"}],"version-history":[{"count":13,"href":"https:\/\/adimkoza.com.tr\/en\/wp-json\/wp\/v2\/pages\/4419\/revisions"}],"predecessor-version":[{"id":5544,"href":"https:\/\/adimkoza.com.tr\/en\/wp-json\/wp\/v2\/pages\/4419\/revisions\/5544"}],"wp:attachment":[{"href":"https:\/\/adimkoza.com.tr\/en\/wp-json\/wp\/v2\/media?parent=4419"}],"curies":[{"name":"wp","href":"https:\/\/api.w.org\/{rel}","templated":true}]}}