{"id":4347,"date":"2015-02-20T01:41:31","date_gmt":"2015-02-20T01:41:31","guid":{"rendered":"https:\/\/adimkoza.com.tr\/blog\/"},"modified":"2026-03-02T03:45:55","modified_gmt":"2026-03-02T03:45:55","slug":"blog","status":"publish","type":"page","link":"https:\/\/adimkoza.com.tr\/en\/blog\/","title":{"rendered":"BLOG"},"content":{"rendered":"<p>[vc_row rt_row_background_width=&#8221;fullwidth&#8221; rt_row_content_width=&#8221;default&#8221; rt_row_style=&#8221;default-style&#8221; rt_row_borders=&#8221;&#8221; rt_row_paddings=&#8221;true&#8221; rt_bg_effect=&#8221;classic&#8221; rt_bg_image_repeat=&#8221;repeat&#8221; rt_bg_size=&#8221;cover&#8221; rt_bg_position=&#8221;right top&#8221; rt_bg_attachment=&#8221;scroll&#8221; rt_bg_video_format=&#8221;self-hosted&#8221;][vc_column rt_wrp_col_paddings=&#8221;false&#8221; rt_border_top=&#8221;&#8221; rt_border_bottom=&#8221;&#8221; rt_border_left=&#8221;&#8221; rt_border_right=&#8221;&#8221; rt_border_top_mobile=&#8221;&#8221; rt_border_bottom_mobile=&#8221;&#8221; rt_border_left_mobile=&#8221;&#8221; rt_border_right_mobile=&#8221;&#8221; rt_bg_image_repeat=&#8221;repeat&#8221; rt_bg_size=&#8221;auto auto&#8221; rt_bg_position=&#8221;right top&#8221; rt_bg_attachment=&#8221;scroll&#8221;]\n<div id=\"blog-dynamicID-438895\" class=\"blog_list clearfix border_grid fixed_heights\" data-column-width=\"3\">\n<div class=\"row clearfix\">\n<div class=\"col col-sm-4\">\n \n\n<!-- blog box-->\n<article class=\"loop post-5331 post type-post status-publish format-standard has-post-thumbnail hentry category-news\" id=\"post-5331\">\n\t\t\n\t\n\t\n\t<figure class=\"featured_image featured_media\">\n\n\t\t\n\t\t\t\t<a href=\"https:\/\/adimkoza.com.tr\/en\/hydraulic-pneumatic-press-solutions\/\" title=\"Hydraulic \u2013 Pneumatic Press Solutions\" class=\"featured_image imgeffect link\"><img decoding=\"async\" src=\"https:\/\/adimkoza.com.tr\/wp-content\/uploads\/2026\/02\/41.webp\" alt=\"Hidrolik Pn\u00f6matik Presler\" class=\"\" \/><\/a>\n\n\t\t\t\n\t<\/figure> \n\t\n\n\t \n\t<div class=\"text entry-content\">\n\n\t\t<!-- blog headline-->\n\t\t<h2 class=\"entry-title\"><a href=\"https:\/\/adimkoza.com.tr\/en\/hydraulic-pneumatic-press-solutions\/\" rel=\"bookmark\">Hydraulic \u2013 Pneumatic Press Solutions<\/a><\/h2> \n\t\t\t\n\n\t\t<p>Engineered with a design philosophy focused on reliability, precision, and long service life.<\/p>\n\n\t\t\t\t<!-- meta data -->\r\n\t\t<div class=\"post_data\">\r\n\r\n\t\t\t\r\n\t\t\t\t\t\t<!-- categories -->\r\n\t\t\t<span class=\"icon-flow-cascade categories\"><a href=\"https:\/\/adimkoza.com.tr\/en\/category\/news\/\" rel=\"category tag\">News<\/a><\/span>\r\n\t\t\t\r\n\t\t\t\r\n\t\t\t\r\n\t\t<\/div><!-- \/ end div  .post_data -->\r\n\t\n\t<\/div> \n\n<\/article> \n<!-- \/ blog box-->\n<\/div>\n<div class=\"col col-sm-4\">\n \n\n<!-- blog box-->\n<article class=\"loop post-5326 post type-post status-publish format-standard has-post-thumbnail hentry category-news\" id=\"post-5326\">\n\t\t\n\t\n\t\n\t<figure class=\"featured_image featured_media\">\n\n\t\t\n\t\t\t\t<a href=\"https:\/\/adimkoza.com.tr\/en\/high-performance-hydraulic-power-units-hpu-power-packs-for-industrial-applications\/\" title=\"High-Performance Hydraulic Power Units (HPU) \/ Power Packs for Industrial Applications\" class=\"featured_image imgeffect link\"><img decoding=\"async\" src=\"https:\/\/adimkoza.com.tr\/wp-content\/uploads\/2026\/02\/hydraulic-power-packs.webp\" alt=\"hydraulic-power-packs\" class=\"\" \/><\/a>\n\n\t\t\t\n\t<\/figure> \n\t\n\n\t \n\t<div class=\"text entry-content\">\n\n\t\t<!-- blog headline-->\n\t\t<h2 class=\"entry-title\"><a href=\"https:\/\/adimkoza.com.tr\/en\/high-performance-hydraulic-power-units-hpu-power-packs-for-industrial-applications\/\" rel=\"bookmark\">High-Performance Hydraulic Power Units (HPU) \/ Power Packs for Industrial Applications<\/a><\/h2> \n\t\t\t\n\n\t\t<p>Industrial machinery operates under demanding conditions,continuous operation, high pressure, variable loads, and harsh environments.<\/p>\n\n\t\t\t\t<!-- meta data -->\r\n\t\t<div class=\"post_data\">\r\n\r\n\t\t\t\r\n\t\t\t\t\t\t<!-- categories -->\r\n\t\t\t<span class=\"icon-flow-cascade categories\"><a href=\"https:\/\/adimkoza.com.tr\/en\/category\/news\/\" rel=\"category tag\">News<\/a><\/span>\r\n\t\t\t\r\n\t\t\t\r\n\t\t\t\r\n\t\t<\/div><!-- \/ end div  .post_data -->\r\n\t\n\t<\/div> \n\n<\/article> \n<!-- \/ blog box-->\n<\/div>\n<div class=\"col col-sm-4\">\n \n\n<!-- blog box-->\n<article class=\"loop post-5321 post type-post status-publish format-standard has-post-thumbnail hentry category-news\" id=\"post-5321\">\n\t\t\n\t\n\t\n\t<figure class=\"featured_image featured_media\">\n\n\t\t\n\t\t\t\t<a href=\"https:\/\/adimkoza.com.tr\/en\/high-precision-servo-valve-solutions-for-advanced-hydraulic-systems\/\" title=\"High-Precision Servo Valve Solutions for Advanced Hydraulic Systems\" class=\"featured_image imgeffect link\"><img decoding=\"async\" src=\"https:\/\/adimkoza.com.tr\/wp-content\/uploads\/2026\/02\/3.jpeg\" alt=\"\u0130leri Hidrolik Sistemler i\u00e7in Y\u00fcksek Hassasiyetli Servo Valf \u00c7\u00f6z\u00fcmleri\" class=\"\" \/><\/a>\n\n\t\t\t\n\t<\/figure> \n\t\n\n\t \n\t<div class=\"text entry-content\">\n\n\t\t<!-- blog headline-->\n\t\t<h2 class=\"entry-title\"><a href=\"https:\/\/adimkoza.com.tr\/en\/high-precision-servo-valve-solutions-for-advanced-hydraulic-systems\/\" rel=\"bookmark\">High-Precision Servo Valve Solutions for Advanced Hydraulic Systems<\/a><\/h2> \n\t\t\t\n\n\t\t<p>Modern industrial systems demand speed, precision, and absolute control even under extreme operating conditions.<\/p>\n\n\t\t\t\t<!-- meta data -->\r\n\t\t<div class=\"post_data\">\r\n\r\n\t\t\t\r\n\t\t\t\t\t\t<!-- categories -->\r\n\t\t\t<span class=\"icon-flow-cascade categories\"><a href=\"https:\/\/adimkoza.com.tr\/en\/category\/news\/\" rel=\"category tag\">News<\/a><\/span>\r\n\t\t\t\r\n\t\t\t\r\n\t\t\t\r\n\t\t<\/div><!-- \/ end div  .post_data -->\r\n\t\n\t<\/div> \n\n<\/article> \n<!-- \/ blog box-->\n<\/div>\n<\/div>\n<div class=\"row clearfix\">\n<div class=\"col col-sm-4\">\n \n\n<!-- blog box-->\n<article class=\"loop post-5317 post type-post status-publish format-standard has-post-thumbnail hentry category-news\" id=\"post-5317\">\n\t\t\n\t\n\t\n\t<figure class=\"featured_image featured_media\">\n\n\t\t\n\t\t\t\t<a href=\"https:\/\/adimkoza.com.tr\/en\/high-performance-hydraulic-manifolds-for-drilling-applications\/\" title=\"High-Performance Hydraulic Manifolds for Drilling Applications\" class=\"featured_image imgeffect link\"><img decoding=\"async\" src=\"https:\/\/adimkoza.com.tr\/wp-content\/uploads\/2026\/02\/1.jpeg\" alt=\"Sondaj Uygulamalar\u0131 i\u00e7in Y\u00fcksek Performansl\u0131 Hidrolik Manifoldlar\" class=\"\" \/><\/a>\n\n\t\t\t\n\t<\/figure> \n\t\n\n\t \n\t<div class=\"text entry-content\">\n\n\t\t<!-- blog headline-->\n\t\t<h2 class=\"entry-title\"><a href=\"https:\/\/adimkoza.com.tr\/en\/high-performance-hydraulic-manifolds-for-drilling-applications\/\" rel=\"bookmark\">High-Performance Hydraulic Manifolds for Drilling Applications<\/a><\/h2> \n\t\t\t\n\n\t\t<p>Drilling rigs operate in tough environments \u2014 extreme vibration, heat, dust and high-pressure cycles.<\/p>\n\n\t\t\t\t<!-- meta data -->\r\n\t\t<div class=\"post_data\">\r\n\r\n\t\t\t\r\n\t\t\t\t\t\t<!-- categories -->\r\n\t\t\t<span class=\"icon-flow-cascade categories\"><a href=\"https:\/\/adimkoza.com.tr\/en\/category\/news\/\" rel=\"category tag\">News<\/a><\/span>\r\n\t\t\t\r\n\t\t\t\r\n\t\t\t\r\n\t\t<\/div><!-- \/ end div  .post_data -->\r\n\t\n\t<\/div> \n\n<\/article> \n<!-- \/ blog box-->\n<\/div>\n<div class=\"col col-sm-4\">\n \n\n<!-- blog box-->\n<article class=\"loop post-5526 post type-post status-publish format-standard has-post-thumbnail hentry category-news\" id=\"post-5526\">\n\t\t\n\t\n\t\n\t<figure class=\"featured_image featured_media\">\n\n\t\t\n\t\t\t\t<a href=\"https:\/\/adimkoza.com.tr\/en\/wika-introduced-their-new-pressure-switch\/\" title=\"Wika Introduced Their New Pressure Switch\" class=\"featured_image imgeffect link\"><img decoding=\"async\" src=\"https:\/\/adimkoza.com.tr\/wp-content\/uploads\/2018\/11\/PIC_PR_PSM_520_de_de_89623.jpg-700x534.webp\" alt=\"PIC_PR_PSM_520_de_de_89623.jpg\" class=\"\" \/><\/a>\n\n\t\t\t\n\t<\/figure> \n\t\n\n\t \n\t<div class=\"text entry-content\">\n\n\t\t<!-- blog headline-->\n\t\t<h2 class=\"entry-title\"><a href=\"https:\/\/adimkoza.com.tr\/en\/wika-introduced-their-new-pressure-switch\/\" rel=\"bookmark\">Wika Introduced Their New Pressure Switch<\/a><\/h2> \n\t\t\t\n\n\t\t<p>WIKA, one of the best and pioneer company in measurement devices, is expanding its product family. Wika, which you can also buy their products from AdimKoza, has 9.000 employees who are developing pressure, temprature and level measurement devices. Wika\u2019s product range includes many devices like: manometers (pressure gauges), pressure sensors, pressure switches, pressure transmitters, contact [&hellip;]<\/p>\n\n\t\t\t\t<!-- meta data -->\r\n\t\t<div class=\"post_data\">\r\n\r\n\t\t\t\r\n\t\t\t\t\t\t<!-- categories -->\r\n\t\t\t<span class=\"icon-flow-cascade categories\"><a href=\"https:\/\/adimkoza.com.tr\/en\/category\/news\/\" rel=\"category tag\">News<\/a><\/span>\r\n\t\t\t\r\n\t\t\t\r\n\t\t\t\r\n\t\t<\/div><!-- \/ end div  .post_data -->\r\n\t\n\t<\/div> \n\n<\/article> \n<!-- \/ blog box-->\n<\/div>\n<div class=\"col col-sm-4\">\n \n\n<!-- blog box-->\n<article class=\"loop post-5506 post type-post status-publish format-standard has-post-thumbnail hentry category-news\" id=\"post-5506\">\n\t\t\n\t\n\t\n\t<figure class=\"featured_image featured_media\">\n\n\t\t\n\t\t\t\t<a href=\"https:\/\/adimkoza.com.tr\/en\/industry-4-0-at-a-glance\/\" title=\"Industry 4.0: At a Glance\" class=\"featured_image imgeffect link\"><img decoding=\"async\" src=\"https:\/\/adimkoza.com.tr\/wp-content\/uploads\/2026\/03\/endustri-4-0.jpg\" alt=\"endustri-4-0\" class=\"\" \/><\/a>\n\n\t\t\t\n\t<\/figure> \n\t\n\n\t \n\t<div class=\"text entry-content\">\n\n\t\t<!-- blog headline-->\n\t\t<h2 class=\"entry-title\"><a href=\"https:\/\/adimkoza.com.tr\/en\/industry-4-0-at-a-glance\/\" rel=\"bookmark\">Industry 4.0: At a Glance<\/a><\/h2> \n\t\t\t\n\n\t\t<p>We briefly want to inform you about Industry 4.0 that is started to debate throughout the world and Turkey, recently. The Industrialization started with the use of steam and this point regarded as the Industry 1.0. The use of electricity in the assembly line started mass production and Industry 2.0 era began. Industry 3.0 emerged [&hellip;]<\/p>\n\n\t\t\t\t<!-- meta data -->\r\n\t\t<div class=\"post_data\">\r\n\r\n\t\t\t\r\n\t\t\t\t\t\t<!-- categories -->\r\n\t\t\t<span class=\"icon-flow-cascade categories\"><a href=\"https:\/\/adimkoza.com.tr\/en\/category\/news\/\" rel=\"category tag\">News<\/a><\/span>\r\n\t\t\t\r\n\t\t\t\r\n\t\t\t\r\n\t\t<\/div><!-- \/ end div  .post_data -->\r\n\t\n\t<\/div> \n\n<\/article> \n<!-- \/ blog box-->\n<\/div>\n<\/div>\n<div class=\"row clearfix\">\n<div class=\"col col-sm-4\">\n \n\n<!-- blog box-->\n<article class=\"loop post-5493 post type-post status-publish format-standard has-post-thumbnail hentry category-news\" id=\"post-5493\">\n\t\t\n\t\n\t\n\t<figure class=\"featured_image featured_media\">\n\n\t\t\n\t\t\t\t<a href=\"https:\/\/adimkoza.com.tr\/en\/hydraulic-systems-for-dummies\/\" title=\"\u0413\u0438\u0434\u0440\u0430\u0432\u043b\u0438\u0447\u0435\u0441\u043a\u0438\u0435 \u0441\u0438\u0441\u0442\u0435\u043c\u044b \u00ab\u0434\u043b\u044f \u0447\u0430\u0439\u043d\u0438\u043a\u043e\u0432\u00bb\" class=\"featured_image imgeffect link\"><img decoding=\"async\" src=\"https:\/\/adimkoza.com.tr\/wp-content\/uploads\/2026\/03\/hidrolik-sistemler-ostim-ankara-912x534.jpg\" alt=\"hidrolik-sistemler-ostim-ankara\" class=\"\" \/><\/a>\n\n\t\t\t\n\t<\/figure> \n\t\n\n\t \n\t<div class=\"text entry-content\">\n\n\t\t<!-- blog headline-->\n\t\t<h2 class=\"entry-title\"><a href=\"https:\/\/adimkoza.com.tr\/en\/hydraulic-systems-for-dummies\/\" rel=\"bookmark\">\u0413\u0438\u0434\u0440\u0430\u0432\u043b\u0438\u0447\u0435\u0441\u043a\u0438\u0435 \u0441\u0438\u0441\u0442\u0435\u043c\u044b \u00ab\u0434\u043b\u044f \u0447\u0430\u0439\u043d\u0438\u043a\u043e\u0432\u00bb<\/a><\/h2> \n\t\t\t\n\n\t\t<p>\u041e\u0441\u0442\u0438\u043c \u2014 \u043f\u0440\u043e\u043c\u044b\u0448\u043b\u0435\u043d\u043d\u0430\u044f \u0437\u043e\u043d\u0430, \u0438\u043c\u0435\u044e\u0449\u0430\u044f \u0432\u0430\u0436\u043d\u043e\u0435 \u044d\u043a\u043e\u043d\u043e\u043c\u0438\u0447\u0435\u0441\u043a\u043e\u0435 \u0437\u043d\u0430\u0447\u0435\u043d\u0438\u0435 \u043d\u0435 \u0442\u043e\u043b\u044c\u043a\u043e \u0434\u043b\u044f \u0410\u043d\u043a\u0430\u0440\u044b, \u043d\u043e \u0438 \u0434\u043b\u044f \u0432\u0441\u0435\u0439 \u0422\u0443\u0440\u0446\u0438\u0438; \u0437\u0434\u0435\u0441\u044c \u0442\u0430\u043a\u0436\u0435 \u043f\u0440\u043e\u0438\u0437\u0432\u043e\u0434\u044f\u0442\u0441\u044f \u0433\u0438\u0434\u0440\u0430\u0432\u043b\u0438\u0447\u0435\u0441\u043a\u0438\u0435 \u0441\u0438\u0441\u0442\u0435\u043c\u044b. \u041a\u043e\u043c\u043f\u0430\u043d\u0438\u044f Ad\u0131m Koza \u044f\u0432\u043b\u044f\u0435\u0442\u0441\u044f \u043e\u0434\u043d\u043e\u0439 \u0438\u0437 \u0433\u0438\u0434\u0440\u0430\u0432\u043b\u0438\u0447\u0435\u0441\u043a\u0438\u0445 \u043a\u043e\u043c\u043f\u0430\u043d\u0438\u0439 \u041e\u0441\u0442\u0438\u043c\u0430 \u0438 \u0441\u0442\u0440\u0435\u043c\u0438\u0442\u0441\u044f \u0431\u044b\u0442\u044c \u00ab\u043f\u0443\u0442\u0435\u0432\u043e\u0434\u0438\u0442\u0435\u043b\u0435\u043c \u0434\u043b\u044f \u043d\u0430\u0447\u0438\u043d\u0430\u044e\u0449\u0438\u0445\u00bb. \u041a\u0430\u043a \u0432\u0441\u0435\u043c \u0438\u0437\u0432\u0435\u0441\u0442\u043d\u043e, \u043c\u0430\u0448\u0438\u043d\u0430\u043c \u043d\u0443\u0436\u043d\u0430 \u044d\u043d\u0435\u0440\u0433\u0438\u044f\/\u043c\u043e\u0449\u043d\u043e\u0441\u0442\u044c \u0434\u043b\u044f \u043a\u043e\u0440\u0440\u0435\u043a\u0442\u043d\u043e\u0439 \u0440\u0430\u0431\u043e\u0442\u044b. \u0413\u0438\u0434\u0440\u0430\u0432\u043b\u0438\u0447\u0435\u0441\u043a\u0438\u0435 \u0441\u0438\u0441\u0442\u0435\u043c\u044b \u043f\u043e\u0437\u0432\u043e\u043b\u044f\u044e\u0442 \u043f\u0435\u0440\u0435\u0434\u0430\u0432\u0430\u0442\u044c \u044d\u0442\u0443 \u043c\u043e\u0449\u043d\u043e\u0441\u0442\u044c \u043a \u0442\u0435\u043c \u0443\u0437\u043b\u0430\u043c, [&hellip;]<\/p>\n\n\t\t\t\t<!-- meta data -->\r\n\t\t<div class=\"post_data\">\r\n\r\n\t\t\t\r\n\t\t\t\t\t\t<!-- categories -->\r\n\t\t\t<span class=\"icon-flow-cascade categories\"><a href=\"https:\/\/adimkoza.com.tr\/en\/category\/news\/\" rel=\"category tag\">News<\/a><\/span>\r\n\t\t\t\r\n\t\t\t\r\n\t\t\t\r\n\t\t<\/div><!-- \/ end div  .post_data -->\r\n\t\n\t<\/div> \n\n<\/article> \n<!-- \/ blog box-->\n<\/div>\n<\/div>\n<\/div>\n<div class=\"paging_wrapper margin-t30 margin-b30\"><\/div>[\/vc_column][\/vc_row]<\/p>\n","protected":false},"excerpt":{"rendered":"<p>[vc_row rt_row_background_width=&#8221;fullwidth&#8221; rt_row_content_width=&#8221;default&#8221; rt_row_style=&#8221;default-style&#8221; rt_row_borders=&#8221;&#8221; rt_row_paddings=&#8221;true&#8221; rt_bg_effect=&#8221;classic&#8221; rt_bg_image_repeat=&#8221;repeat&#8221; rt_bg_size=&#8221;cover&#8221; rt_bg_position=&#8221;right top&#8221; rt_bg_attachment=&#8221;scroll&#8221; rt_bg_video_format=&#8221;self-hosted&#8221;][vc_column rt_wrp_col_paddings=&#8221;false&#8221; rt_border_top=&#8221;&#8221; rt_border_bottom=&#8221;&#8221; rt_border_left=&#8221;&#8221; rt_border_right=&#8221;&#8221; rt_border_top_mobile=&#8221;&#8221; rt_border_bottom_mobile=&#8221;&#8221; rt_border_left_mobile=&#8221;&#8221; rt_border_right_mobile=&#8221;&#8221; rt_bg_image_repeat=&#8221;repeat&#8221; rt_bg_size=&#8221;auto auto&#8221; rt_bg_position=&#8221;right top&#8221; rt_bg_attachment=&#8221;scroll&#8221;][\/vc_column][\/vc_row]<\/p>\n","protected":false},"author":1,"featured_media":0,"parent":0,"menu_order":0,"comment_status":"open","ping_status":"closed","template":"","meta":{"_joinchat":[],"footnotes":""},"class_list":["post-4347","page","type-page","status-publish","hentry"],"_links":{"self":[{"href":"https:\/\/adimkoza.com.tr\/en\/wp-json\/wp\/v2\/pages\/4347","targetHints":{"allow":["GET"]}}],"collection":[{"href":"https:\/\/adimkoza.com.tr\/en\/wp-json\/wp\/v2\/pages"}],"about":[{"href":"https:\/\/adimkoza.com.tr\/en\/wp-json\/wp\/v2\/types\/page"}],"author":[{"embeddable":true,"href":"https:\/\/adimkoza.com.tr\/en\/wp-json\/wp\/v2\/users\/1"}],"replies":[{"embeddable":true,"href":"https:\/\/adimkoza.com.tr\/en\/wp-json\/wp\/v2\/comments?post=4347"}],"version-history":[{"count":2,"href":"https:\/\/adimkoza.com.tr\/en\/wp-json\/wp\/v2\/pages\/4347\/revisions"}],"predecessor-version":[{"id":5339,"href":"https:\/\/adimkoza.com.tr\/en\/wp-json\/wp\/v2\/pages\/4347\/revisions\/5339"}],"wp:attachment":[{"href":"https:\/\/adimkoza.com.tr\/en\/wp-json\/wp\/v2\/media?parent=4347"}],"curies":[{"name":"wp","href":"https:\/\/api.w.org\/{rel}","templated":true}]}}